{"id":15,"date":"2015-10-21T13:34:49","date_gmt":"2015-10-21T13:34:49","guid":{"rendered":"https:\/\/www.talentmanager.pt\/?page_id=15"},"modified":"2018-09-16T15:54:59","modified_gmt":"2018-09-16T15:54:59","slug":"testimonios","status":"publish","type":"page","link":"https:\/\/www.talentmanager.pt\/es\/testimonios\/","title":{"rendered":"Testimonios"},"content":{"rendered":"<div class=\"wpb-content-wrapper\"><p>[vc_row css=\u00bb.vc_custom_1454426404858{margin-top: 2% !important;}\u00bb][vc_column offset=\u00bbvc_col-lg-12 vc_col-md-12 vc_col-xs-12&#8243;]<div class=\"fancy_heading fancy_heading_line\"><div class=\"fh-top\"><\/div><h2 class=\"title\"><strong>EXPERIENCIAS<\/strong> VIVIDAS<\/h2><\/div>\n[\/vc_column][\/vc_row][vc_row content_placement=\u00bbmiddle\u00bb css=\u00bb.vc_custom_1460961894169{margin-bottom: 10% !important;}\u00bb][vc_column width=\u00bb3\/4&#8243; offset=\u00bbvc_col-lg-offset-1 vc_col-lg-8 vc_col-md-offset-1 vc_col-md-8 vc_col-sm-offset-1 vc_col-xs-12&#8243; el_class=\u00bbtestimonio_left\u00bb]<div class=\"blockquote\"><blockquote class=\"mfn-inline-editor\">\u00abDeseo agradecerte profundamente la valiosa intervenci\u00f3n en Asheville. El asunto del Corporativo en XXXX, ya se resolvi\u00f3. Hace unos d\u00edas recib\u00ed el nombramiento de Directora Corporativa Acad\u00e9mica y de Investigaci\u00f3n Educativa.\u00bb<\/blockquote><p class=\"author\"><i class=\"icon-user\"><\/i><span>A.O. - EUA<\/span><\/p><\/div>\n[\/vc_column][vc_column width=\u00bb3\/4&#8243; offset=\u00bbvc_col-lg-offset-3 vc_col-lg-8 vc_col-md-offset-3 vc_col-md-8 vc_col-sm-offset-2 vc_col-xs-12&#8243; el_class=\u00bbtestimonio_right\u00bb]<div class=\"blockquote\"><blockquote class=\"mfn-inline-editor\">\u00abSi repaso este a\u00f1o, me sales en primera fila, tu trabajo me hizo ver lo que quiero, lo que me mueve, y lo que necesito. Te doy las gracias por ser trasparente buen transmitidor o como se diga eso.\u00bb<\/blockquote><p class=\"author\"><i class=\"icon-user\"><\/i><span>R.G. - Espa\u00f1a<\/span><\/p><\/div>\n[\/vc_column][vc_column width=\u00bb3\/4&#8243; el_class=\u00bbtestimonio_left\u00bb offset=\u00bbvc_col-lg-offset-1 vc_col-lg-8 vc_col-md-offset-1 vc_col-md-8 vc_col-sm-offset-1 vc_col-xs-12&#8243;]<div class=\"blockquote\"><blockquote class=\"mfn-inline-editor\">\u00abHe hecho diferentes cursos de formaci\u00f3n a lo largo de mi vida y puedo asegurarte que la impronta que hab\u00e9is dejado en mi interior jam\u00e1s la hab\u00eda sentido.\u00bb<\/blockquote><p class=\"author\"><i class=\"icon-user\"><\/i><span>M.D - Per\u00fa<\/span><\/p><\/div>\n[\/vc_column][vc_column width=\u00bb3\/4&#8243; el_class=\u00bbtestimonio_right\u00bb offset=\u00bbvc_col-lg-offset-3 vc_col-lg-8 vc_col-md-offset-3 vc_col-md-8 vc_col-sm-offset-2 vc_col-xs-12&#8243;]<div class=\"blockquote\"><blockquote class=\"mfn-inline-editor\">\u00abReconozco tu enorme experiencia que te hace estar perfectamente tranquilo y disponible para tratar con todas las situaciones que surgen. Llegar a ese nivel de trabajo, es un largo camino en que se percibe el mucho saber acumulado, con una dedicaci\u00f3n total a este abordaje.\u00bb<\/blockquote><p class=\"author\"><i class=\"icon-user\"><\/i><span>F.C. - Portugal<\/span><\/p><\/div>\n[\/vc_column][vc_column width=\u00bb3\/4&#8243; el_class=\u00bbtestimonio_left\u00bb offset=\u00bbvc_col-lg-offset-1 vc_col-lg-8 vc_col-md-offset-1 vc_col-md-8 vc_col-sm-offset-1 vc_col-xs-12&#8243;]<div class=\"blockquote\"><blockquote class=\"mfn-inline-editor\">\u00abCecilio trabaja desde la experiencia, el conocimiento, el respeto y la sencillez, aquello de \u00abparece que no hace nada por la humildad desde la que trabaja pero que luego da grandes frutos y que ni siquiera \u00e9l pide que se reconozcan\u00bb. Su coraz\u00f3n es grande y su trabajo fruct\u00edfero, quien lo conozca tiene suerte y quien trabaje con \u00e9l a\u00fan m\u00e1s.\u00bb<\/blockquote><p class=\"author\"><i class=\"icon-user\"><\/i><span>M.F. - Venezuela<\/span><\/p><\/div>\n[\/vc_column][vc_column width=\u00bb3\/4&#8243; el_class=\u00bbtestimonio_right\u00bb offset=\u00bbvc_col-lg-offset-3 vc_col-lg-8 vc_col-md-offset-3 vc_col-md-8 vc_col-sm-offset-2 vc_col-xs-12&#8243;]<div class=\"blockquote\"><blockquote class=\"mfn-inline-editor\">\u00abCecilio Regojo es uno de los mejores formadores que tuve la oportunidad de conocer&#8230;excelente constelador&#8230;sencillo&#8230;humilde y no cre\u00eddo&#8230;calidades esenciales para este trabajo&#8230;\u00bb<\/blockquote><p class=\"author\"><i class=\"icon-user\"><\/i><span>R.E. - Brasil<\/span><\/p><\/div>\n[\/vc_column][vc_column width=\u00bb3\/4&#8243; el_class=\u00bbtestimonio_left\u00bb offset=\u00bbvc_col-lg-offset-1 vc_col-lg-8 vc_col-md-offset-1 vc_col-md-8 vc_col-sm-offset-1 vc_col-xs-12&#8243;]<div class=\"blockquote\"><blockquote class=\"mfn-inline-editor\">\u00abEn los \u00faltimos 2 a\u00f1os he tenido la oportunidad de trabajar con muchos y conocidos consteladores organizacionales y en esta ocasi\u00f3n destaco que he visto un estilo diferente en Cecilio Regojo. Es un profesional que viene del \u00e1rea empresarial, y esa procedencia le hace constelar de una manera muy directa, clara y concisa. He disfrutado de su \u00e9tica y cuidado del cliente, de su maestr\u00eda y generosidad en el modo de hacer: de c\u00f3mo entregar y ofrecer de un modo sencillo, directo y muy preciso la informaci\u00f3n que la herramienta te da, en definitiva una entrega muy generosa de su competencia.\u00bb<\/blockquote><p class=\"author\"><i class=\"icon-user\"><\/i><span>L.G. - Chile<\/span><\/p><\/div>\n[\/vc_column][vc_column width=\u00bb3\/4&#8243; el_class=\u00bbtestimonio_right\u00bb offset=\u00bbvc_col-lg-offset-3 vc_col-lg-8 vc_col-md-offset-3 vc_col-md-8 vc_col-sm-offset-2 vc_col-xs-12&#8243;]<div class=\"blockquote\"><blockquote class=\"mfn-inline-editor\">\u00abQuiero agradecerte profundamente, por lo que has ense\u00f1ado de Constelaciones Organizacionales. Reconozco en vos un maestro en presencia, en ausencia, en la palabra y en el silencio.\u00bb<\/blockquote><p class=\"author\"><i class=\"icon-user\"><\/i><span>T.R. - Costa Rica<\/span><\/p><\/div>\n[\/vc_column][vc_column width=\u00bb3\/4&#8243; el_class=\u00bbtestimonio_left\u00bb offset=\u00bbvc_col-lg-offset-1 vc_col-lg-8 vc_col-md-offset-1 vc_col-md-8 vc_col-sm-offset-1 vc_col-xs-12&#8243;]<div class=\"blockquote\"><blockquote class=\"mfn-inline-editor\">\u2013\u00bbPap\u00e1, \u00bfc\u00f3mo fue el curso de Cecilio en Santa Fe?\u00bb<br \/>\n\u2013\u00bbDeja&#8230; mis piensos reconcilio, y te dir\u00e9:<br \/>\nPues, hijo<br \/>\ncon Regojo<br \/>\n\u00a1Un regocijo!\u00bb<\/blockquote><p class=\"author\"><i class=\"icon-user\"><\/i><span>R.M. - M\u00e9xico<\/span><\/p><\/div>\n[\/vc_column][vc_column width=\u00bb3\/4&#8243; el_class=\u00bbtestimonio_right\u00bb offset=\u00bbvc_col-lg-offset-3 vc_col-lg-8 vc_col-md-offset-3 vc_col-md-8 vc_col-sm-offset-2 vc_col-xs-12&#8243;]<div class=\"blockquote\"><blockquote class=\"mfn-inline-editor\">\u00abCecilio es un expert, es humilde, responsable y tiene el don de la transformaci\u00f3n e de la sabidur\u00eda. Fue una experiencia inolvidable.\u00bb<\/blockquote><p class=\"author\"><i class=\"icon-user\"><\/i><span>A.L. - Portugal<\/span><\/p><\/div>\n[\/vc_column][vc_column width=\u00bb3\/4&#8243; el_class=\u00bbtestimonio_left\u00bb offset=\u00bbvc_col-lg-offset-1 vc_col-lg-8 vc_col-md-offset-1 vc_col-md-8 vc_col-sm-offset-1 vc_col-xs-12&#8243;]<div class=\"blockquote\"><blockquote class=\"mfn-inline-editor\">\u00abQuisiera darle las gracias por su presencia durante el primer aniversario de la Chamber of Coaching fundada en 2009 (21 de septiembre). Fue un gran honor para nosotros tenerte como nuestro invitado y familiarizarsnos con tu m\u00e9todo. Sentimos que fue una experiencia inolvidable que, sin duda, para todos nosotros, se traducir\u00e1 en una mayor conciencia de nosotros mismos y del sistema que formamos como empleados, empleadores y colegas.\u00bb<\/blockquote><p class=\"author\"><i class=\"icon-user\"><\/i><span>M. M. - Polonia<\/span><\/p><\/div>\n[\/vc_column][vc_column width=\u00bb3\/4&#8243; el_class=\u00bbtestimonio_right\u00bb offset=\u00bbvc_col-lg-offset-3 vc_col-lg-8 vc_col-md-offset-3 vc_col-md-8 vc_col-sm-offset-2 vc_col-xs-12&#8243;]<div class=\"blockquote\"><blockquote class=\"mfn-inline-editor\">\u00abGracias Cecilio por tu forma de conducirnos y adentrarnos en la aventura. Tuve la oportunidad de verte por primera vez hace dos a\u00f1os y ya me encantaste. Esta vez te has superado a\u00fan m\u00e1s si cabe.\u00bb<\/blockquote><p class=\"author\"><i class=\"icon-user\"><\/i><span>V.G. - Rep\u00fablica Dominicana<\/span><\/p><\/div>\n[\/vc_column][vc_column width=\u00bb3\/4&#8243; el_class=\u00bbtestimonio_left\u00bb offset=\u00bbvc_col-lg-offset-1 vc_col-lg-8 vc_col-md-offset-1 vc_col-md-8 vc_col-sm-offset-1 vc_col-xs-12&#8243;]<div class=\"blockquote\"><blockquote class=\"mfn-inline-editor\">\u00abCecilio ha sido todo un ejemplo de formador para m\u00ed, no solo por sus conocimientos sino por su forma de ESTAR. Y este email suyo ha sido otra lecci\u00f3n para m\u00ed. Adoro a los portugueses, siempre he trabajado con ellos con un respeto y una educaci\u00f3n que no he encontrado en otro sitio.\u00bb<\/blockquote><p class=\"author\"><i class=\"icon-user\"><\/i><span>B.S. - Espa\u00f1a<\/span><\/p><\/div>\n[\/vc_column][vc_column width=\u00bb3\/4&#8243; el_class=\u00bbtestimonio_right\u00bb offset=\u00bbvc_col-lg-offset-3 vc_col-lg-8 vc_col-md-offset-3 vc_col-md-8 vc_col-sm-offset-2 vc_col-xs-12&#8243;]<div class=\"blockquote\"><blockquote class=\"mfn-inline-editor\">\u00abMuch\u00edsimas gracias por todo lo que entregas de ti. Aun cuando dices que todo eso \u00abno es tuyo\u00bb realmente siento que lo que cada cual da s\u00ed es el resultado de la elecci\u00f3n que hacemos de compartir, o no, todo cuanto hemos ido recogiendo en el camino. A ti te vendr\u00eda bien el apellido RECOJO pues s\u00ed que has construido con todo cuanto has ido recogiendo en la vida. \u00ab<\/blockquote><p class=\"author\"><i class=\"icon-user\"><\/i><span>E.C. - Colombia<\/span><\/p><\/div>\n[\/vc_column][vc_column width=\u00bb3\/4&#8243; el_class=\u00bbtestimonio_left\u00bb offset=\u00bbvc_col-lg-offset-1 vc_col-lg-8 vc_col-md-offset-1 vc_col-md-8 vc_col-sm-offset-1 vc_col-xs-12&#8243;]<div class=\"blockquote\"><blockquote class=\"mfn-inline-editor\">\u00abLa formaci\u00f3n que brindas es muy extensa y muy sutil, dir\u00eda en muchos matices imperceptibles pero que sus semillas florecen al transcurrir del tiempo\u00bb<\/blockquote><p class=\"author\"><i class=\"icon-user\"><\/i><span>M.O. - Espa\u00f1a<\/span><\/p><\/div>\n[\/vc_column][vc_column width=\u00bb3\/4&#8243; el_class=\u00bbtestimonio_right\u00bb offset=\u00bbvc_col-lg-offset-3 vc_col-lg-8 vc_col-md-offset-3 vc_col-md-8 vc_col-sm-offset-2 vc_col-xs-12&#8243;]<div class=\"blockquote\"><blockquote class=\"mfn-inline-editor\">\u00abCecilio Regojo es absolutamente original. Es una oportunidad \u00fanica de conocerlo y dejarse conducir por los caminos del no saber con alguien tan sensible y competente.<br \/>\nSi puedes, aprovecha. Lo recomiendo con entusiasmo y alegr\u00eda.\u00bb<\/blockquote><p class=\"author\"><i class=\"icon-user\"><\/i><span>S.F. - Brasil<\/span><\/p><\/div>\n[\/vc_column][vc_column width=\u00bb3\/4&#8243; el_class=\u00bbtestimonio_left\u00bb offset=\u00bbvc_col-lg-offset-1 vc_col-lg-8 vc_col-md-offset-1 vc_col-md-8 vc_col-sm-offset-1 vc_col-xs-12&#8243;]<div class=\"blockquote\"><blockquote class=\"mfn-inline-editor\">\u00abEn serio, no tengo m\u00e1s que decir que tu trabajo no s\u00f3lo es excelente, sino super profesional y c\u00e1lido. Gracias!!!\u00bb<\/blockquote><p class=\"author\"><i class=\"icon-user\"><\/i><span>K.R. - M\u00e9xico<\/span><\/p><\/div>\n[\/vc_column][vc_column width=\u00bb3\/4&#8243; el_class=\u00bbtestimonio_right\u00bb offset=\u00bbvc_col-lg-offset-3 vc_col-lg-8 vc_col-md-offset-3 vc_col-md-8 vc_col-sm-offset-2 vc_col-xs-12&#8243;]<div class=\"blockquote\"><blockquote class=\"mfn-inline-editor\">\u00abCecilio hoy por hoy es el consultor m\u00e1s importante a nivel mundial en coaching sist\u00e9mico y de las Constelaciones Organizacionales en el mundo.\u00bb<\/blockquote><p class=\"author\"><i class=\"icon-user\"><\/i><span>R. A.- Espa\u00f1a<\/span><\/p><\/div>\n[\/vc_column][vc_column width=\u00bb3\/4&#8243; el_class=\u00bbtestimonio_left\u00bb offset=\u00bbvc_col-lg-offset-1 vc_col-lg-8 vc_col-md-offset-1 vc_col-md-8 vc_col-sm-offset-1 vc_col-xs-12&#8243;]<div class=\"blockquote\"><blockquote class=\"mfn-inline-editor\">\u00abSi bien Regojo se encarg\u00f3 de aportar confianza a cada uno de los participantes del grupo para desarrollarse como facilitadores, pocos profesionales se desempe\u00f1an con tanta naturalidad como \u00e9l lo hace.\u00bb<\/blockquote><p class=\"author\"><i class=\"icon-user\"><\/i><span>C.M. - Portugal<\/span><\/p><\/div>\n[\/vc_column][vc_column width=\u00bb3\/4&#8243; el_class=\u00bbtestimonio_right\u00bb offset=\u00bbvc_col-lg-offset-3 vc_col-lg-8 vc_col-md-offset-3 vc_col-md-8 vc_col-sm-offset-2 vc_col-xs-12&#8243;]<div class=\"blockquote\"><blockquote class=\"mfn-inline-editor\">\u00abGracias, gracias!<br \/>\nPor los d\u00edas en Madrid<br \/>\nPor las ense\u00f1anzas maravillosas<br \/>\nPor la confianza que irradias<br \/>\nPor el silencio que creas<br \/>\nPor tu presencia que ha contribuido a que yo eleve mi conciencia de mi misma<br \/>\nPor tu facilitaci\u00f3n que ha contribuido a que mi empresa evolucione!!!\u00bb<\/blockquote><p class=\"author\"><i class=\"icon-user\"><\/i><span>A.V. - Colombia<\/span><\/p><\/div>\n[\/vc_column][vc_column width=\u00bb3\/4&#8243; el_class=\u00bbtestimonio_left\u00bb offset=\u00bbvc_col-lg-offset-1 vc_col-lg-8 vc_col-md-offset-1 vc_col-md-8 vc_col-sm-offset-1 vc_col-xs-12&#8243;]<div class=\"blockquote\"><blockquote class=\"mfn-inline-editor\">\u00abTu Taller fue uno de aquellos en que gan\u00e9 mais por hora de participaci\u00f3n!\u00bb<\/blockquote><p class=\"author\"><i class=\"icon-user\"><\/i><span>A.K - Armenia<\/span><\/p><\/div>\n[\/vc_column][vc_column width=\u00bb3\/4&#8243; el_class=\u00bbtestimonio_right\u00bb offset=\u00bbvc_col-lg-offset-3 vc_col-lg-8 vc_col-md-offset-3 vc_col-md-8 vc_col-sm-offset-2 vc_col-xs-12&#8243;]<div class=\"blockquote\"><blockquote class=\"mfn-inline-editor\">\u00abMe encant\u00f3 tomar clase con un ser humano espl\u00e9ndido que nos comparti\u00f3 muchos conocimientos y experiencias, pero sobre todo su gran capacidad como ser humano.\u00bb<\/blockquote><p class=\"author\"><i class=\"icon-user\"><\/i><span>C.M. - M\u00e9xico<\/span><\/p><\/div>\n[\/vc_column][vc_column width=\u00bb3\/4&#8243; el_class=\u00bbtestimonio_left\u00bb offset=\u00bbvc_col-lg-offset-1 vc_col-lg-8 vc_col-md-offset-1 vc_col-md-8 vc_col-sm-offset-1 vc_col-xs-12&#8243;]<div class=\"blockquote\"><blockquote class=\"mfn-inline-editor\">\u00abQuerido Cecilio, encuentros inolvidables no son necesariamente aquellos que nos traen flores&#8230; son, muchas veces, aquellos que, cuando se van, nos dejan con las manos llenas de buenas semillas.\u00bb<\/blockquote><p class=\"author\"><i class=\"icon-user\"><\/i><span>A.G. - Brasil<\/span><\/p><\/div>\n[\/vc_column][vc_column width=\u00bb3\/4&#8243; el_class=\u00bbtestimonio_right\u00bb offset=\u00bbvc_col-lg-offset-3 vc_col-lg-8 vc_col-md-offset-3 vc_col-md-8 vc_col-sm-offset-2 vc_col-xs-12&#8243;]<div class=\"blockquote\"><blockquote class=\"mfn-inline-editor\">\u00abCerramos la cuarta sesi\u00f3n de la \u00abCertificaci\u00f3n en Constelaciones Organizacionales y Management Sist\u00e9mico\u00bb impartido por Cecilio Regojo, de una forma magistral. Es tanta informaci\u00f3n, tanto trabajo, TANTO DARSE CUENTA&#8230; que s\u00f3lo un maestro de \u00e9sta talla lo consigue transmitir.\u00bb<\/blockquote><p class=\"author\"><i class=\"icon-user\"><\/i><span>M.G. - M\u00e9xico<\/span><\/p><\/div>\n[\/vc_column][vc_column width=\u00bb3\/4&#8243; el_class=\u00bbtestimonio_left\u00bb offset=\u00bbvc_col-lg-offset-1 vc_col-lg-8 vc_col-md-offset-1 vc_col-md-8 vc_col-sm-offset-1 vc_col-xs-12&#8243;]<div class=\"blockquote\"><blockquote class=\"mfn-inline-editor\">\u00abEl curso fue muy rico y hubo muchas oportunidades para crecer y introspecciones. Fue muy diferente de la forma como Bert hace Constelaciones, abri\u00f3 muchas posibilidades de ver las cosas de otra perspectiva. Tantos conceptos nuevos resonaron en m\u00ed. Dar la responsabilidad al cliente, hace ahora todo el sentido\u2026\u00bb<\/blockquote><p class=\"author\"><i class=\"icon-user\"><\/i><span>H.S. - EUA<\/span><\/p><\/div>\n[\/vc_column][vc_column width=\u00bb3\/4&#8243; el_class=\u00bbtestimonio_right\u00bb offset=\u00bbvc_col-lg-offset-3 vc_col-lg-8 vc_col-md-offset-3 vc_col-md-8 vc_col-sm-offset-2 vc_col-xs-12&#8243;]<div class=\"blockquote\"><blockquote class=\"mfn-inline-editor\">\u00abAdor\u00e9 el curso! Aprend\u00ed mucho contigo&#8230; sobre constelaciones y mucho m\u00e1s! Admiro la forma como consigues transformar cualquier pregunta en excelentes respuestas\u2026 \u201ctu resignificas y construyes\u201d. Admiro tambi\u00e9n la paciencia y el respecto con que trabajas con el cliente en la entrevista.\u00bb<\/blockquote><p class=\"author\"><i class=\"icon-user\"><\/i><span>D.S. - Brasil<\/span><\/p><\/div>\n[\/vc_column][\/vc_row]<\/p>\n<\/div>","protected":false},"excerpt":{"rendered":"<p>[vc_row css=\u00bb.vc_custom_1454426404858{margin-top: 2% !important;}\u00bb][vc_column offset=\u00bbvc_col-lg-12 vc_col-md-12 vc_col-xs-12&#8243;][\/vc_column][\/vc_row][vc_row content_placement=\u00bbmiddle\u00bb css=\u00bb.vc_custom_1460961894169{margin-bottom: 10% !important;}\u00bb][vc_column width=\u00bb3\/4&#8243; offset=\u00bbvc_col-lg-offset-1 vc_col-lg-8 vc_col-md-offset-1 vc_col-md-8 vc_col-sm-offset-1 vc_col-xs-12&#8243; el_class=\u00bbtestimonio_left\u00bb][\/vc_column][vc_column width=\u00bb3\/4&#8243; offset=\u00bbvc_col-lg-offset-3 vc_col-lg-8 vc_col-md-offset-3 vc_col-md-8 vc_col-sm-offset-2 vc_col-xs-12&#8243;<span class=\"excerpt-hellip\"> [\u2026]<\/span><\/p>\n","protected":false},"author":1,"featured_media":0,"parent":0,"menu_order":4,"comment_status":"closed","ping_status":"closed","template":"","meta":{"footnotes":""},"class_list":["post-15","page","type-page","status-publish","hentry"],"yoast_head":"<!-- This site is optimized with the Yoast SEO plugin v27.1.1 - https:\/\/yoast.com\/product\/yoast-seo-wordpress\/ -->\n<title>Testimonios &#8226; Talent Manager | Systemic Management<\/title>\n<meta name=\"description\" content=\"Experiencias reales vividas: Testimonios de personas que pudieron verificar y sorprenderse con la eficacia de estas metodolog\u00edas innovadoras.\" \/>\n<meta name=\"robots\" content=\"index, follow, max-snippet:-1, max-image-preview:large, max-video-preview:-1\" \/>\n<link rel=\"canonical\" href=\"https:\/\/www.talentmanager.pt\/es\/testimonios\/\" \/>\n<meta property=\"og:locale\" content=\"es_ES\" \/>\n<meta property=\"og:type\" content=\"article\" \/>\n<meta property=\"og:title\" content=\"Testimonios &#8226; Talent Manager | Systemic Management\" \/>\n<meta property=\"og:description\" content=\"Experiencias reales vividas: Testimonios de personas que pudieron verificar y sorprenderse con la eficacia de estas metodolog\u00edas innovadoras.\" \/>\n<meta property=\"og:url\" content=\"https:\/\/www.talentmanager.pt\/es\/testimonios\/\" \/>\n<meta property=\"og:site_name\" content=\"Talent Manager | Systemic Management\" \/>\n<meta property=\"article:publisher\" content=\"https:\/\/www.facebook.com\/ceciliomanagement\" \/>\n<meta property=\"article:modified_time\" content=\"2018-09-16T15:54:59+00:00\" \/>\n<meta name=\"twitter:card\" content=\"summary_large_image\" \/>\n<meta name=\"twitter:label1\" content=\"Tiempo de lectura\" \/>\n\t<meta name=\"twitter:data1\" content=\"9 minutos\" \/>\n<script type=\"application\/ld+json\" class=\"yoast-schema-graph\">{\"@context\":\"https:\/\/schema.org\",\"@graph\":[{\"@type\":\"WebPage\",\"@id\":\"https:\/\/www.talentmanager.pt\/es\/testimonios\/\",\"url\":\"https:\/\/www.talentmanager.pt\/es\/testimonios\/\",\"name\":\"Testimonios &#8226; Talent Manager | Systemic Management\",\"isPartOf\":{\"@id\":\"https:\/\/www.talentmanager.pt\/en\/#website\"},\"datePublished\":\"2015-10-21T13:34:49+00:00\",\"dateModified\":\"2018-09-16T15:54:59+00:00\",\"description\":\"Experiencias reales vividas: Testimonios de personas que pudieron verificar y sorprenderse con la eficacia de estas metodolog\u00edas innovadoras.\",\"breadcrumb\":{\"@id\":\"https:\/\/www.talentmanager.pt\/es\/testimonios\/#breadcrumb\"},\"inLanguage\":\"es\",\"potentialAction\":[{\"@type\":\"ReadAction\",\"target\":[\"https:\/\/www.talentmanager.pt\/es\/testimonios\/\"]}]},{\"@type\":\"BreadcrumbList\",\"@id\":\"https:\/\/www.talentmanager.pt\/es\/testimonios\/#breadcrumb\",\"itemListElement\":[{\"@type\":\"ListItem\",\"position\":1,\"name\":\"Home\",\"item\":\"https:\/\/www.talentmanager.pt\/es\/\"},{\"@type\":\"ListItem\",\"position\":2,\"name\":\"Testimonios\"}]},{\"@type\":\"WebSite\",\"@id\":\"https:\/\/www.talentmanager.pt\/en\/#website\",\"url\":\"https:\/\/www.talentmanager.pt\/en\/\",\"name\":\"Talent Manager | Systemic Management\",\"description\":\"Systemic Management | Organizational Constellations\",\"publisher\":{\"@id\":\"https:\/\/www.talentmanager.pt\/en\/#organization\"},\"potentialAction\":[{\"@type\":\"SearchAction\",\"target\":{\"@type\":\"EntryPoint\",\"urlTemplate\":\"https:\/\/www.talentmanager.pt\/en\/?s={search_term_string}\"},\"query-input\":{\"@type\":\"PropertyValueSpecification\",\"valueRequired\":true,\"valueName\":\"search_term_string\"}}],\"inLanguage\":\"es\"},{\"@type\":\"Organization\",\"@id\":\"https:\/\/www.talentmanager.pt\/en\/#organization\",\"name\":\"Talent Manager\",\"url\":\"https:\/\/www.talentmanager.pt\/en\/\",\"logo\":{\"@type\":\"ImageObject\",\"inLanguage\":\"es\",\"@id\":\"https:\/\/www.talentmanager.pt\/en\/#\/schema\/logo\/image\/\",\"url\":\"https:\/\/www.talentmanager.pt\/wp-content\/uploads\/TalentManager@2x.png\",\"contentUrl\":\"https:\/\/www.talentmanager.pt\/wp-content\/uploads\/TalentManager@2x.png\",\"width\":320,\"height\":80,\"caption\":\"Talent Manager\"},\"image\":{\"@id\":\"https:\/\/www.talentmanager.pt\/en\/#\/schema\/logo\/image\/\"},\"sameAs\":[\"https:\/\/www.facebook.com\/ceciliomanagement\",\"https:\/\/www.linkedin.com\/in\/cecilioregojo\",\"https:\/\/www.youtube.com\/user\/managertal\"]}]}<\/script>\n<!-- \/ Yoast SEO plugin. -->","yoast_head_json":{"title":"Testimonios &#8226; Talent Manager | Systemic Management","description":"Experiencias reales vividas: Testimonios de personas que pudieron verificar y sorprenderse con la eficacia de estas metodolog\u00edas innovadoras.","robots":{"index":"index","follow":"follow","max-snippet":"max-snippet:-1","max-image-preview":"max-image-preview:large","max-video-preview":"max-video-preview:-1"},"canonical":"https:\/\/www.talentmanager.pt\/es\/testimonios\/","og_locale":"es_ES","og_type":"article","og_title":"Testimonios &#8226; Talent Manager | Systemic Management","og_description":"Experiencias reales vividas: Testimonios de personas que pudieron verificar y sorprenderse con la eficacia de estas metodolog\u00edas innovadoras.","og_url":"https:\/\/www.talentmanager.pt\/es\/testimonios\/","og_site_name":"Talent Manager | Systemic Management","article_publisher":"https:\/\/www.facebook.com\/ceciliomanagement","article_modified_time":"2018-09-16T15:54:59+00:00","twitter_card":"summary_large_image","twitter_misc":{"Tiempo de lectura":"9 minutos"},"schema":{"@context":"https:\/\/schema.org","@graph":[{"@type":"WebPage","@id":"https:\/\/www.talentmanager.pt\/es\/testimonios\/","url":"https:\/\/www.talentmanager.pt\/es\/testimonios\/","name":"Testimonios &#8226; Talent Manager | Systemic Management","isPartOf":{"@id":"https:\/\/www.talentmanager.pt\/en\/#website"},"datePublished":"2015-10-21T13:34:49+00:00","dateModified":"2018-09-16T15:54:59+00:00","description":"Experiencias reales vividas: Testimonios de personas que pudieron verificar y sorprenderse con la eficacia de estas metodolog\u00edas innovadoras.","breadcrumb":{"@id":"https:\/\/www.talentmanager.pt\/es\/testimonios\/#breadcrumb"},"inLanguage":"es","potentialAction":[{"@type":"ReadAction","target":["https:\/\/www.talentmanager.pt\/es\/testimonios\/"]}]},{"@type":"BreadcrumbList","@id":"https:\/\/www.talentmanager.pt\/es\/testimonios\/#breadcrumb","itemListElement":[{"@type":"ListItem","position":1,"name":"Home","item":"https:\/\/www.talentmanager.pt\/es\/"},{"@type":"ListItem","position":2,"name":"Testimonios"}]},{"@type":"WebSite","@id":"https:\/\/www.talentmanager.pt\/en\/#website","url":"https:\/\/www.talentmanager.pt\/en\/","name":"Talent Manager | Systemic Management","description":"Systemic Management | Organizational Constellations","publisher":{"@id":"https:\/\/www.talentmanager.pt\/en\/#organization"},"potentialAction":[{"@type":"SearchAction","target":{"@type":"EntryPoint","urlTemplate":"https:\/\/www.talentmanager.pt\/en\/?s={search_term_string}"},"query-input":{"@type":"PropertyValueSpecification","valueRequired":true,"valueName":"search_term_string"}}],"inLanguage":"es"},{"@type":"Organization","@id":"https:\/\/www.talentmanager.pt\/en\/#organization","name":"Talent Manager","url":"https:\/\/www.talentmanager.pt\/en\/","logo":{"@type":"ImageObject","inLanguage":"es","@id":"https:\/\/www.talentmanager.pt\/en\/#\/schema\/logo\/image\/","url":"https:\/\/www.talentmanager.pt\/wp-content\/uploads\/TalentManager@2x.png","contentUrl":"https:\/\/www.talentmanager.pt\/wp-content\/uploads\/TalentManager@2x.png","width":320,"height":80,"caption":"Talent Manager"},"image":{"@id":"https:\/\/www.talentmanager.pt\/en\/#\/schema\/logo\/image\/"},"sameAs":["https:\/\/www.facebook.com\/ceciliomanagement","https:\/\/www.linkedin.com\/in\/cecilioregojo","https:\/\/www.youtube.com\/user\/managertal"]}]}},"_links":{"self":[{"href":"https:\/\/www.talentmanager.pt\/es\/wp-json\/wp\/v2\/pages\/15","targetHints":{"allow":["GET"]}}],"collection":[{"href":"https:\/\/www.talentmanager.pt\/es\/wp-json\/wp\/v2\/pages"}],"about":[{"href":"https:\/\/www.talentmanager.pt\/es\/wp-json\/wp\/v2\/types\/page"}],"author":[{"embeddable":true,"href":"https:\/\/www.talentmanager.pt\/es\/wp-json\/wp\/v2\/users\/1"}],"replies":[{"embeddable":true,"href":"https:\/\/www.talentmanager.pt\/es\/wp-json\/wp\/v2\/comments?post=15"}],"version-history":[{"count":0,"href":"https:\/\/www.talentmanager.pt\/es\/wp-json\/wp\/v2\/pages\/15\/revisions"}],"wp:attachment":[{"href":"https:\/\/www.talentmanager.pt\/es\/wp-json\/wp\/v2\/media?parent=15"}],"curies":[{"name":"wp","href":"https:\/\/api.w.org\/{rel}","templated":true}]}}