{"id":4102,"date":"2016-12-01T15:55:35","date_gmt":"2016-12-01T15:55:35","guid":{"rendered":"https:\/\/www.talentmanager.pt\/?page_id=4102"},"modified":"2019-06-13T11:08:13","modified_gmt":"2019-06-13T11:08:13","slug":"donde-estamos","status":"publish","type":"page","link":"https:\/\/www.talentmanager.pt\/es\/donde-estamos\/","title":{"rendered":"Donde Estamos"},"content":{"rendered":"<div class=\"wpb-content-wrapper\"><p>[vc_row css=\u00bb.vc_custom_1454426404858{margin-top: 2% !important;}\u00bb][vc_column offset=\u00bbvc_col-lg-12 vc_col-md-12 vc_col-xs-12&#8243;]<div class=\"fancy_heading fancy_heading_line\"><div class=\"fh-top\"><\/div><h2 class=\"title\"><strong>DONDE<\/strong> ESTAMOS<\/h2><\/div>\n[\/vc_column][\/vc_row][vc_row css=\u00bb.vc_custom_1459755766224{margin-bottom: 10% !important;}\u00bb][vc_column offset=\u00bbvc_col-lg-12 vc_col-md-12&#8243;][vc_column_text css=\u00bb.vc_custom_1482157415424{margin-bottom: .6% !important;}\u00bb]<\/p>\n<h2 class=\"call\" style=\"text-align: center;\">PORQUE LOS SISTEMAS <br class=\"space\" \/>NO TIENEN L\u00cdMITES,<br class=\"space_1\" \/>TRABAJAMOS EN M\u00c1S DE <br class=\"space_2\" \/>50\u00a0PA\u00cdSES DEL MUNDO<\/h2>\n<p>[\/vc_column_text][vc_text_separator title=\u00bbVIAJA EN EL MAPA Y DESCUBRE POR D\u00d3NDE ESTAMOS\u00bb el_width=\u00bb90&#8243; el_class=\u00bbcall_subtitle_donde\u00bb][vc_column_text css=\u00bb.vc_custom_1460980966754{margin-bottom: 0px !important;border-top-width: 10px !important;border-right-width: 10px !important;border-bottom-width: 10px !important;border-left-width: 10px !important;border-left-color: #ffffff !important;border-left-style: solid !important;border-right-color: #ffffff !important;border-right-style: solid !important;border-top-color: #ffffff !important;border-top-style: solid !important;border-bottom-color: #ffffff !important;border-bottom-style: solid !important;}\u00bb]<style type=\"text\/css\" id=\"gmpMapStyles_1_926\">\r\n\t#google_map_easy_1_926 {\r\n        width: 100%;\r\n        height: 450px;\r\n\t\t\t\t\t\t    }\r\n\t#gmapControlsNum_1_926 {\r\n\t\twidth:100%\t}\r\n\t.gmpMapDetailsContainer#gmpMapDetailsContainer_1_926 {\r\n\t\theight:450px;\r\n\t}\r\n\t.gmp_MapPreview#google_map_easy_1_926 {\r\n\t\t\/*position:absolute;*\/\r\n\t\twidth: 100%;\r\n\t}\r\n\t#mapConElem_1_926{\r\n\t\twidth: 100%\t}\r\n    .gm-style .gm-style-iw-c{\r\n        padding: 12px!important;\r\n    }\r\n\t    <\/style>\r\n <div class=\"gmp_map_opts\" id=\"mapConElem_1_926\" data-id=\"1\" data-view-id=\"1_926\" > <div class=\"gmpMapDetailsContainer\" id=\"gmpMapDetailsContainer_1_926\"> <i class=\"gmpKMLLayersPreloader fa fa-spinner fa-spin\" aria-hidden=\"true\" style=\"display: none;\"><\/i> <div class=\"gmp_MapPreview \" id=\"google_map_easy_1_926\"><\/div> <\/div> <div class=\"gmpMapMarkerFilters\" id=\"gmpMapMarkerFilters_1_926\"> <\/div> <div class=\"gmpMapProControlsCon\" id=\"gmpMapProControlsCon_1_926\"> <a title=\"WordPress Google Maps Plugin\" style=\"display:none;\" href=\"https:\/\/supsystic.com\/plugins\/google-maps-plugin\/?utm_medium=love_link_hide\" target=\"_blank\">WordPress Google Maps Plugin<\/a><div style=\"clear: both;\"><\/div> <\/div> <div class=\"gmpMapProDirectionsCon\" id=\"gmpMapProDirectionsCon_1_926\" > <\/div> <div class=\"gmpMapProKmlFilterCon\" id=\"gmpMapProKmlFilterCon_1_926\" > <\/div> <div class=\"gmpSocialSharingShell gmpSocialSharingShell_1_926\"> <\/div> <div style=\"clear: both;\"><\/div> <\/div> [\/vc_column_text][\/vc_column][\/vc_row]<\/p>\n<\/div>","protected":false},"excerpt":{"rendered":"<p>[vc_row css=\u00bb.vc_custom_1454426404858{margin-top: 2% !important;}\u00bb][vc_column offset=\u00bbvc_col-lg-12 vc_col-md-12 vc_col-xs-12&#8243;][\/vc_column][\/vc_row][vc_row css=\u00bb.vc_custom_1459755766224{margin-bottom: 10% !important;}\u00bb][vc_column offset=\u00bbvc_col-lg-12 vc_col-md-12&#8243;][vc_column_text css=\u00bb.vc_custom_1482157415424{margin-bottom: .6% !important;}\u00bb] PORQUE LOS SISTEMAS NO TIENEN L\u00cdMITES,TRABAJAMOS EN M\u00c1S DE 50\u00a0PA\u00cdSES DEL<span class=\"excerpt-hellip\"> [\u2026]<\/span><\/p>\n","protected":false},"author":1,"featured_media":0,"parent":0,"menu_order":6,"comment_status":"closed","ping_status":"closed","template":"","meta":{"footnotes":""},"class_list":["post-4102","page","type-page","status-publish","hentry"],"yoast_head":"<!-- This site is optimized with the Yoast SEO plugin v27.1.1 - https:\/\/yoast.com\/product\/yoast-seo-wordpress\/ -->\n<title>Donde Estamos &#8226; Talent Manager | Systemic Management<\/title>\n<meta name=\"description\" content=\"Descubre por donde estamos y por donde compartimos conocimiento, a trav\u00e9s de Formaciones, Consultor\u00eda y Conferencias. M\u00e1s de 60 ciudades.\" \/>\n<meta name=\"robots\" content=\"index, follow, max-snippet:-1, max-image-preview:large, max-video-preview:-1\" \/>\n<link rel=\"canonical\" href=\"https:\/\/www.talentmanager.pt\/es\/donde-estamos\/\" \/>\n<meta property=\"og:locale\" content=\"es_ES\" \/>\n<meta property=\"og:type\" content=\"article\" \/>\n<meta property=\"og:title\" content=\"Donde Estamos &#8226; Talent Manager | Systemic Management\" \/>\n<meta property=\"og:description\" content=\"Descubre por donde estamos y por donde compartimos conocimiento, a trav\u00e9s de Formaciones, Consultor\u00eda y Conferencias. M\u00e1s de 60 ciudades.\" \/>\n<meta property=\"og:url\" content=\"https:\/\/www.talentmanager.pt\/es\/donde-estamos\/\" \/>\n<meta property=\"og:site_name\" content=\"Talent Manager | Systemic Management\" \/>\n<meta property=\"article:publisher\" content=\"https:\/\/www.facebook.com\/ceciliomanagement\" \/>\n<meta property=\"article:modified_time\" content=\"2019-06-13T11:08:13+00:00\" \/>\n<meta name=\"twitter:card\" content=\"summary_large_image\" \/>\n<meta name=\"twitter:label1\" content=\"Tiempo de lectura\" \/>\n\t<meta name=\"twitter:data1\" content=\"1 minuto\" \/>\n<script type=\"application\/ld+json\" class=\"yoast-schema-graph\">{\"@context\":\"https:\/\/schema.org\",\"@graph\":[{\"@type\":\"WebPage\",\"@id\":\"https:\/\/www.talentmanager.pt\/es\/donde-estamos\/\",\"url\":\"https:\/\/www.talentmanager.pt\/es\/donde-estamos\/\",\"name\":\"Donde Estamos &#8226; Talent Manager | Systemic Management\",\"isPartOf\":{\"@id\":\"https:\/\/www.talentmanager.pt\/en\/#website\"},\"datePublished\":\"2016-12-01T15:55:35+00:00\",\"dateModified\":\"2019-06-13T11:08:13+00:00\",\"description\":\"Descubre por donde estamos y por donde compartimos conocimiento, a trav\u00e9s de Formaciones, Consultor\u00eda y Conferencias. M\u00e1s de 60 ciudades.\",\"breadcrumb\":{\"@id\":\"https:\/\/www.talentmanager.pt\/es\/donde-estamos\/#breadcrumb\"},\"inLanguage\":\"es\",\"potentialAction\":[{\"@type\":\"ReadAction\",\"target\":[\"https:\/\/www.talentmanager.pt\/es\/donde-estamos\/\"]}]},{\"@type\":\"BreadcrumbList\",\"@id\":\"https:\/\/www.talentmanager.pt\/es\/donde-estamos\/#breadcrumb\",\"itemListElement\":[{\"@type\":\"ListItem\",\"position\":1,\"name\":\"Home\",\"item\":\"https:\/\/www.talentmanager.pt\/es\/\"},{\"@type\":\"ListItem\",\"position\":2,\"name\":\"Donde Estamos\"}]},{\"@type\":\"WebSite\",\"@id\":\"https:\/\/www.talentmanager.pt\/en\/#website\",\"url\":\"https:\/\/www.talentmanager.pt\/en\/\",\"name\":\"Talent Manager | Systemic Management\",\"description\":\"Systemic Management | Organizational Constellations\",\"publisher\":{\"@id\":\"https:\/\/www.talentmanager.pt\/en\/#organization\"},\"potentialAction\":[{\"@type\":\"SearchAction\",\"target\":{\"@type\":\"EntryPoint\",\"urlTemplate\":\"https:\/\/www.talentmanager.pt\/en\/?s={search_term_string}\"},\"query-input\":{\"@type\":\"PropertyValueSpecification\",\"valueRequired\":true,\"valueName\":\"search_term_string\"}}],\"inLanguage\":\"es\"},{\"@type\":\"Organization\",\"@id\":\"https:\/\/www.talentmanager.pt\/en\/#organization\",\"name\":\"Talent Manager\",\"url\":\"https:\/\/www.talentmanager.pt\/en\/\",\"logo\":{\"@type\":\"ImageObject\",\"inLanguage\":\"es\",\"@id\":\"https:\/\/www.talentmanager.pt\/en\/#\/schema\/logo\/image\/\",\"url\":\"https:\/\/www.talentmanager.pt\/wp-content\/uploads\/TalentManager@2x.png\",\"contentUrl\":\"https:\/\/www.talentmanager.pt\/wp-content\/uploads\/TalentManager@2x.png\",\"width\":320,\"height\":80,\"caption\":\"Talent Manager\"},\"image\":{\"@id\":\"https:\/\/www.talentmanager.pt\/en\/#\/schema\/logo\/image\/\"},\"sameAs\":[\"https:\/\/www.facebook.com\/ceciliomanagement\",\"https:\/\/www.linkedin.com\/in\/cecilioregojo\",\"https:\/\/www.youtube.com\/user\/managertal\"]}]}<\/script>\n<!-- \/ Yoast SEO plugin. -->","yoast_head_json":{"title":"Donde Estamos &#8226; Talent Manager | Systemic Management","description":"Descubre por donde estamos y por donde compartimos conocimiento, a trav\u00e9s de Formaciones, Consultor\u00eda y Conferencias. M\u00e1s de 60 ciudades.","robots":{"index":"index","follow":"follow","max-snippet":"max-snippet:-1","max-image-preview":"max-image-preview:large","max-video-preview":"max-video-preview:-1"},"canonical":"https:\/\/www.talentmanager.pt\/es\/donde-estamos\/","og_locale":"es_ES","og_type":"article","og_title":"Donde Estamos &#8226; Talent Manager | Systemic Management","og_description":"Descubre por donde estamos y por donde compartimos conocimiento, a trav\u00e9s de Formaciones, Consultor\u00eda y Conferencias. M\u00e1s de 60 ciudades.","og_url":"https:\/\/www.talentmanager.pt\/es\/donde-estamos\/","og_site_name":"Talent Manager | Systemic Management","article_publisher":"https:\/\/www.facebook.com\/ceciliomanagement","article_modified_time":"2019-06-13T11:08:13+00:00","twitter_card":"summary_large_image","twitter_misc":{"Tiempo de lectura":"1 minuto"},"schema":{"@context":"https:\/\/schema.org","@graph":[{"@type":"WebPage","@id":"https:\/\/www.talentmanager.pt\/es\/donde-estamos\/","url":"https:\/\/www.talentmanager.pt\/es\/donde-estamos\/","name":"Donde Estamos &#8226; Talent Manager | Systemic Management","isPartOf":{"@id":"https:\/\/www.talentmanager.pt\/en\/#website"},"datePublished":"2016-12-01T15:55:35+00:00","dateModified":"2019-06-13T11:08:13+00:00","description":"Descubre por donde estamos y por donde compartimos conocimiento, a trav\u00e9s de Formaciones, Consultor\u00eda y Conferencias. M\u00e1s de 60 ciudades.","breadcrumb":{"@id":"https:\/\/www.talentmanager.pt\/es\/donde-estamos\/#breadcrumb"},"inLanguage":"es","potentialAction":[{"@type":"ReadAction","target":["https:\/\/www.talentmanager.pt\/es\/donde-estamos\/"]}]},{"@type":"BreadcrumbList","@id":"https:\/\/www.talentmanager.pt\/es\/donde-estamos\/#breadcrumb","itemListElement":[{"@type":"ListItem","position":1,"name":"Home","item":"https:\/\/www.talentmanager.pt\/es\/"},{"@type":"ListItem","position":2,"name":"Donde Estamos"}]},{"@type":"WebSite","@id":"https:\/\/www.talentmanager.pt\/en\/#website","url":"https:\/\/www.talentmanager.pt\/en\/","name":"Talent Manager | Systemic Management","description":"Systemic Management | Organizational Constellations","publisher":{"@id":"https:\/\/www.talentmanager.pt\/en\/#organization"},"potentialAction":[{"@type":"SearchAction","target":{"@type":"EntryPoint","urlTemplate":"https:\/\/www.talentmanager.pt\/en\/?s={search_term_string}"},"query-input":{"@type":"PropertyValueSpecification","valueRequired":true,"valueName":"search_term_string"}}],"inLanguage":"es"},{"@type":"Organization","@id":"https:\/\/www.talentmanager.pt\/en\/#organization","name":"Talent Manager","url":"https:\/\/www.talentmanager.pt\/en\/","logo":{"@type":"ImageObject","inLanguage":"es","@id":"https:\/\/www.talentmanager.pt\/en\/#\/schema\/logo\/image\/","url":"https:\/\/www.talentmanager.pt\/wp-content\/uploads\/TalentManager@2x.png","contentUrl":"https:\/\/www.talentmanager.pt\/wp-content\/uploads\/TalentManager@2x.png","width":320,"height":80,"caption":"Talent Manager"},"image":{"@id":"https:\/\/www.talentmanager.pt\/en\/#\/schema\/logo\/image\/"},"sameAs":["https:\/\/www.facebook.com\/ceciliomanagement","https:\/\/www.linkedin.com\/in\/cecilioregojo","https:\/\/www.youtube.com\/user\/managertal"]}]}},"_links":{"self":[{"href":"https:\/\/www.talentmanager.pt\/es\/wp-json\/wp\/v2\/pages\/4102","targetHints":{"allow":["GET"]}}],"collection":[{"href":"https:\/\/www.talentmanager.pt\/es\/wp-json\/wp\/v2\/pages"}],"about":[{"href":"https:\/\/www.talentmanager.pt\/es\/wp-json\/wp\/v2\/types\/page"}],"author":[{"embeddable":true,"href":"https:\/\/www.talentmanager.pt\/es\/wp-json\/wp\/v2\/users\/1"}],"replies":[{"embeddable":true,"href":"https:\/\/www.talentmanager.pt\/es\/wp-json\/wp\/v2\/comments?post=4102"}],"version-history":[{"count":0,"href":"https:\/\/www.talentmanager.pt\/es\/wp-json\/wp\/v2\/pages\/4102\/revisions"}],"wp:attachment":[{"href":"https:\/\/www.talentmanager.pt\/es\/wp-json\/wp\/v2\/media?parent=4102"}],"curies":[{"name":"wp","href":"https:\/\/api.w.org\/{rel}","templated":true}]}}