{"id":5868,"date":"2018-08-15T13:28:13","date_gmt":"2018-08-15T13:28:13","guid":{"rendered":"https:\/\/www.talentmanager.pt\/?page_id=5868"},"modified":"2019-03-22T15:31:50","modified_gmt":"2019-03-22T15:31:50","slug":"privacidad-cookies","status":"publish","type":"page","link":"https:\/\/www.talentmanager.pt\/es\/privacidad-cookies\/","title":{"rendered":"Pol\u00edtica de Privacidad | Cookies"},"content":{"rendered":"<div class=\"wpb-content-wrapper\"><p>[vc_row css=\u00bb.vc_custom_1534338899386{margin-top: 2% !important;margin-bottom: 5% !important;}\u00bb][vc_column css=\u00bb.vc_custom_1534509272145{margin-top: 2% !important;}\u00bb offset=\u00bbvc_col-lg-offset-2 vc_col-lg-8 vc_col-md-offset-2 vc_col-md-8 vc_col-xs-12&#8243;][vc_column_text]<\/p>\n<h1 style=\"text-align: center;\">TALENT MANAGER LDA.<\/h1>\n<p style=\"text-align: center;\">Empresa de Consultor\u00eda y Formaci\u00f3n en innovadoras metodolog\u00edas, focalizada en las personas<br \/>\n&#8211; Systemic Management y Constelaciones Organizacionales \u2013<br \/>\npara impulsar empresas y organizaciones<\/p>\n<p>[\/vc_column_text][\/vc_column][vc_column width=\u00bb5\/12&#8243; offset=\u00bbvc_col-lg-offset-3 vc_col-lg-3 vc_col-md-offset-2 vc_col-md-4 vc_col-sm-offset-1 vc_col-xs-12&#8243; css=\u00bb.vc_custom_1534509612612{border-right-width: 2px !important;padding-top: 10px !important;padding-bottom: 10px !important;border-right-color: #ffffff !important;border-right-style: solid !important;}\u00bb][vc_column_text css=\u00bb.vc_custom_1534511058322{margin-bottom: 0px !important;}\u00bb]<\/p>\n<h5 style=\"text-align: center;\">VISI\u00d3N<\/h5>\n<p style=\"text-align: center;\">Desarrollo de personas impulsoras de cambios<br \/>\nPerspectiva 360\u00ba &gt; Decisiones integrales<\/p>\n<p>[\/vc_column_text][\/vc_column][vc_column width=\u00bb5\/12&#8243; offset=\u00bbvc_col-lg-3 vc_col-md-4 vc_col-xs-12&#8243;][vc_column_text css=\u00bb.vc_custom_1535557193179{padding-top: 10px !important;}\u00bb]<\/p>\n<h5 style=\"text-align: center;\">MISI\u00d3N<\/h5>\n<p style=\"text-align: center;\">Transmitir nuevos paradigmas y dar<br class=\"break\" \/>a conocer innovadoras herramientas, <br class=\"break\" \/>para enfrentar los desaf\u00edos actuales y futuros.<\/p>\n<p>[\/vc_column_text][\/vc_column][\/vc_row][vc_row css=\u00bb.vc_custom_1534339799049{margin-bottom: 5% !important;}\u00bb][vc_column offset=\u00bbvc_col-lg-offset-1 vc_col-lg-10 vc_col-md-offset-1 vc_col-md-10 vc_col-xs-12&#8243;]<div class=\"fancy_heading fancy_heading_line\"><div class=\"fh-top\"><\/div><h2 class=\"title\">POL\u00cdTICA DE PRIVACIDAD<\/h2><\/div>\n[vc_column_text el_class=\u00bbtext\u00bb]Esta declaraci\u00f3n explica las informaciones recogidas por o en el control de Talent Manager SA.<\/p>\n<p>Esta pol\u00edtica de privacidad se aplica \u00fanicamente a nuestro sitio web. Si alg\u00fan enlace en nuestro sitio web le dirige a sitios web de terceros, consulte las respectivas declaraciones de privacidad.<\/p>\n<p>Al acceder o utilizar este sitio web, acepta los t\u00e9rminos y condiciones de esta declaraci\u00f3n.<\/p>\n<h5 class=\"titulo_priv\">Datos personales<\/h5>\n<p>Todos los datos personales que utilizamos son proporcionados directamente por usted. No utilizaremos sus datos personales para algo diferente de lo que nos dio permiso para hacer.<\/p>\n<p>Para el procesamiento de cualquier informaci\u00f3n sensible o identificable, solicitaremos SIEMPRE su consentimiento, que podr\u00e1 ser retirado en cualquier momento.<\/p>\n<h5 class=\"titulo_priv\">Procesamiento y almacenamiento de datos<\/h5>\n<p>Procesamos datos por motivos diferentes, ya sea cuando nos comunicamos con nuestros clientes, enviamos nuestra newsletter y\/o ofrecemos nuestros servicios.<\/p>\n<p>Este sitio s\u00f3lo recoge los datos personales estrictamente necesarios, ya sea cuando nos contacte a trav\u00e9s de nuestros formularios de contacto, se inscribe en nuestra newsletter o nos permite ayudar a mejorar nuestra p\u00e1gina cuando nos visita.<\/p>\n<h5 class=\"titulo_priv\">Transmisi\u00f3n de datos<\/h5>\n<p>No transmitimos sus datos a terceros.<\/p>\n<h5 class=\"titulo_priv\">Sus derechos<\/h5>\n<p>Puede pedirnos la informaci\u00f3n que tenemos sobre usted, contact\u00e1ndonos directamente. Es posible que sea necesario comprobar su identidad antes de proporcionar toda esta informaci\u00f3n. Tambi\u00e9n puede ponerse en contacto con nosotros para corregir cualquier informaci\u00f3n incorrecta o si desea que sus datos sean excluidos.<\/p>\n<p><em>*Haremos todo lo posible para responder lo antes posible a las solicitudes anteriores.<\/em><\/p>\n<h5 class=\"titulo_priv\">Datos personales que compartimos<\/h5>\n<p>Los datos personales, que compartimos en nuestro sitio web, han sido consentidos por los propios para que sean compartidos.<\/p>\n<h5 class=\"titulo_priv\">Comunicaci\u00f3n entre nosotros<\/h5>\n<p>Si se comunica con nosotros a trav\u00e9s del formulario de contacto o por e-mail (@ talentmanager.pt), guardaremos su mensaje para responder lo m\u00e1s r\u00e1pido posible y para acompa\u00f1ar y mejorar nuestro servicio de soporte. Su informaci\u00f3n se utilizar\u00e1 s\u00f3lo para procesar su solicitud, salvo que haya expresado su deseo de recibir nuestra newsletter.<\/p>\n<h5 class=\"titulo_priv\">Newsletter<\/h5>\n<p>Al firmar cualquiera de nuestras newsletter, su direcci\u00f3n de correo electr\u00f3nico se utiliza s\u00f3lo para este fin. Su nombre y cualquier informaci\u00f3n adicional proporcionada por usted (por ejemplo, pa\u00eds) s\u00f3lo se utiliza para personalizar la newsletter. La cancelaci\u00f3n es posible en cualquier momento, procediendo lo indicado en el pie de cualquier e-mail enviado por nosotros o contact\u00e1ndonos a trav\u00e9s del correo electr\u00f3nico &#x74;&#x72;&#x61;&#105;&#110;&#105;ng&#x40;&#x74;&#x61;&#x6c;&#101;&#110;tm&#x61;&#x6e;&#x61;&#x67;&#101;&#114;&#46;p&#x74;.<\/p>\n<p><em>*Su consentimiento ha sido expresamente concedido por separado o posiblemente durante el proceso de solicitud.<\/em><\/p>\n<h5 class=\"titulo_priv\">Hiperv\u00ednculos<\/h5>\n<p>Este sitio web contiene v\u00ednculos a sitios web que no son administrados por Talent Manager. Estos enlaces se han incluido s\u00f3lo para la comodidad del usuario. Talent Manager no acepta ninguna responsabilidad por el contenido, disponibilidad o calidad de las ofertas realizadas en sitios externos.<\/p>\n<h5 class=\"titulo_priv\">Enlaces relativos a los perfiles de Social Media<\/h5>\n<p>Nuestro sitio proporciona enlaces a perfiles de redes sociales. Por favor, considere que, si visita un perfil de Social Media, el proveedor de red podr\u00e1 recopilar datos personales sobre usted. Pueden ser algunas informaciones muy personales e importantes sobre su sistema inform\u00e1tico, especialmente su direcci\u00f3n IP, la versi\u00f3n del navegador que utiliza.<\/p>\n<p>Si est\u00e1 bloqueado como miembro en una determinada red y sigue el enlace a la red social a trav\u00e9s de nuestro sitio web, su visita se puede asignar a su acceso de miembro. Si no desea ser rastreado de esta forma por el proveedor de red, debe salir de su acceso de miembro antes de visitar el enlace.<\/p>\n<p><em>*Informaci\u00f3n detallada sobre el tratamiento de datos personales, se pueden encontrar dentro de las declaraciones de las respectivas redes sociales.<\/em><\/p>\n<h5 class=\"titulo_priv\">Contenido Embed de otros sitios web<\/h5>\n<p>Algunas p\u00e1ginas de este sitio web incluyen contenido incrustado desde otros sitios web (embed), por ejemplo, v\u00eddeos, mapas, etc. El contenido embed se comporta exactamente de la misma manera que si el usuario visita otro sitio web. Estos sitios web pueden recopilar sus datos, utilizar cookies, incorporar rastreo adicional de terceros y supervisar su interacci\u00f3n con el contenido incrustado, incluyendo el rastreo de su interacci\u00f3n, si tiene una cuenta y est\u00e1 conectado a ese sitio web.<\/p>\n<h5 class=\"titulo_priv\">Detalles<\/h5>\n<p>Esta declaraci\u00f3n de privacidad se aplica a nuestro website (https:\/\/www.talentmanager.es). Esta declaraci\u00f3n de privacidad fue modificada por \u00faltima vez el 22 de Marzo de 2019.<\/p>\n<p><em>*Talent Manager puede modificar, en cualquier momento, los t\u00e9rminos de esta declaraci\u00f3n. Los cambios entrar\u00e1n en vigor tan pronto como se publiquen en este sitio. Esta declaraci\u00f3n fue traducida al ingl\u00e9s \/ espa\u00f1ol. Si la advertencia en ingl\u00e9s \/espa\u00f1ol mostrar discrepancias con la versi\u00f3n portuguesa, la versi\u00f3n portuguesa es decisiva<\/em>.<\/p>\n<h5 class=\"titulo_priv\">Informaci\u00f3n de contacto<\/h5>\n<p>Si tiene alguna duda, cont\u00e1ctenos en cualquier momento v\u00eda e-mail (&#116;&#x72;&#x61;i&#110;&#x69;n&#103;&#x40;t&#97;&#x6c;e&#110;&#x74;&#x6d;&#97;&#x6e;&#x61;g&#101;&#x72;&#46;&#101;&#x73;)[\/vc_column_text][\/vc_column][\/vc_row][vc_row css=\u00bb.vc_custom_1534511576204{margin-bottom: 10% !important;}\u00bb][vc_column offset=\u00bbvc_col-lg-offset-1 vc_col-lg-10 vc_col-md-offset-1 vc_col-md-10 vc_col-xs-12&#8243;]<div class=\"fancy_heading fancy_heading_line\"><div class=\"fh-top\"><\/div><h2 class=\"title\">POL\u00cdTICA DE COOKIES<\/h2><\/div>\n[vc_column_text el_class=\u00bbtext\u00bb]La pol\u00edtica de cookies se aplica al uso de cookies en nuestro sitio web https:\/\/www.talentmanager.pt<br \/>\nNuestro sitio web utiliza cookies que permiten mejorar el rendimiento y la experiencia de navegaci\u00f3n del usuario.<\/p>\n<h5 class=\"titulo_priv\">\u00bfQu\u00e9 son las cookies?<\/h5>\n<p>Las cookies son peque\u00f1os archivos de texto con informaci\u00f3n relevante que su navegador procesa cuando visita un sitio web.<\/p>\n<h5 class=\"titulo_priv\">\u00bfPor qu\u00e9 utilizamos cookies?<\/h5>\n<p>La colocaci\u00f3n de cookies ayuda a nuestro sitio web a reconocer el dispositivo (tablet, desktop, mobile, etc) del usuario cada vez que nos visita. Las cookies s\u00f3lo conservan informaci\u00f3n relacionada con sus preferencias, no revelando datos personales.<\/p>\n<p>Para que su experiencia de navegaci\u00f3n sea optimizada lo m\u00e1s posible, le recomendamos que no desactive las cookies. Las mismas aumentan la rapidez de respuesta en la navegaci\u00f3n.<\/p>\n<h5 class=\"titulo_priv\">Cookies de terceros<\/h5>\n<p><strong>+ WPML Cookies<\/strong><br \/>\nTalent Manager utiliza cookies para identificar el idioma actual del visitante y \/ o el \u00faltimo idioma visitado.<\/p>\n<table class=\"table_cookie\">\n<tbody>\n<tr>\n<td>_icl_visitor_lang_js<\/td>\n<td>24 horas<\/td>\n<td>Almacena el idioma redirigido<\/td>\n<\/tr>\n<tr>\n<td>wpml_browser_redirect_test<\/td>\n<td>Expira con la sesi\u00f3n<\/td>\n<td>Comprueba si las cookies est\u00e1n habilitadas<\/td>\n<\/tr>\n<\/tbody>\n<\/table>\n<p>&nbsp;<\/p>\n<p><strong>+ Analytics Cookies<\/strong><br \/>\nTalent Manager utiliza cookies de Google Analytics. Estas cookies se utilizan para asignar y analizar el uso del sitio web, con el objetivo de mejorar la calidad y \/ o eficacia del sitio web.<br \/>\nLa informaci\u00f3n recopilada por Google ser\u00e1 an\u00f3nima siempre que sea posible (esto incluye eliminar el \u00faltimo octeto de la direcci\u00f3n IP del usuario &#8211; anonymize IP).<\/p>\n<table class=\"table_cookie\">\n<tbody>\n<tr>\n<td>ga<\/td>\n<td>2 a\u00f1os<\/td>\n<td>Usado para distinguir usuarios.<\/td>\n<\/tr>\n<tr>\n<td>_gid<\/td>\n<td>24 horas<\/td>\n<td>Usado para distinguir usuarios<\/td>\n<\/tr>\n<tr>\n<td>_gat<\/td>\n<td>1 minuto<\/td>\n<td>Se utiliza para controlar la tasa de solicitudes<\/td>\n<\/tr>\n<\/tbody>\n<\/table>\n<p>&nbsp;<\/p>\n<p><strong>+ ReCAPTCHA Cookies<\/strong><br \/>\nTalent Manager utiliza cookies de Google reCAPTCHA como parte de la seguridad de nuestros formularios online. Estas cookies se utilizan para evitar ataques automatizados en nuestro sitio web al distinguir entre usuarios humanos reales y servicios inform\u00e1ticos automatizados. Esto reduce nuestra vulnerabilidad a los ataques de spam.<\/p>\n<p><em>* El uso de reCAPTCHA est\u00e1 sujeto a la <a href=\"https:\/\/policies.google.com\/privacy?hl=es\" target=\"_blank\" rel=\"noopener noreferrer\">Pol\u00edtica de Privacidad<\/a> y a los <a href=\"https:\/\/policies.google.com\/terms?hl=es\" target=\"_blank\" rel=\"noopener noreferrer\">T\u00e9rminos de servicio<\/a> de Google.<\/em><\/p>\n<table class=\"table_cookie\">\n<tbody>\n<tr>\n<td>NID<\/td>\n<td>Expira con la sesi\u00f3n<\/td>\n<td>Preference cookie<\/td>\n<\/tr>\n<tr>\n<td>DV<\/td>\n<td>24 horas<\/td>\n<td>C\u00f3mo los visitantes utilizan el sitio web<\/td>\n<\/tr>\n<\/tbody>\n<\/table>\n<p>&nbsp;<\/p>\n<p><strong>+ Youtube Cookies<\/strong><br \/>\nYouTube es utilizado por este sitio web para almacenar y ver contenido de v\u00eddeo. Estas cookies son definidas por YouTube para rastrear el uso de sus servicios.<br \/>\nLas cookies de YouTube se instalan s\u00f3lo cuando presiona play y est\u00e1 conectado a su cuenta de google. En este caso, sus opciones est\u00e1n vinculadas a su cuenta.<\/p>\n<table class=\"table_cookie\">\n<tbody>\n<tr>\n<td>1P_JAR<\/td>\n<td>28 d\u00edas<\/td>\n<td>Personalizaci\u00f3n de anuncios de Google<br \/>\nUtilizada para fines de seguimiento de usuarios y orientaci\u00f3n de anuncios<\/td>\n<\/tr>\n<tr>\n<td>CONSENT<\/td>\n<td>20 a\u00f1os e 5 meses<\/td>\n<td>Configuraci\u00f3n de consentimiento de cookies<\/td>\n<\/tr>\n<\/tbody>\n<\/table>\n<h5 class=\"titulo_priv\">\u00bfC\u00f3mo administrar las cookies?<\/h5>\n<p>Diferentes navegadores ofrecen diferentes maneras de administrar las cookies implementadas por los sitios web en los que navega. Sin embargo, todos los navegadores permiten una eliminaci\u00f3n general de las cookies de su ordenador.<\/p>\n<p>Tenga en cuenta que, al desactivar cookies, puede impedir que algunas funcionalidades del sitio web funcionen correctamente, afectando, parcial o totalmente, la navegaci\u00f3n en el sitio.<\/p>\n<p>M\u00e1s informaci\u00f3n de c\u00f3mo Deshabilitar Cookies en: <a class=\"mfn-link mfn-link-1 \" href=\"https:\/\/support.google.com\/accounts\/answer\/61416?co=GENIE.Platform%3DDesktop&#038;hl=es\" style=\"\" data-hover=\"Chrome\" target=\"_blank\"  ><span data-hover=\"Chrome\">Chrome<\/span><\/a> |\u00a0<a class=\"mfn-link mfn-link-1 \" href=\"https:\/\/support.mozilla.org\/es\/kb\/habilitar-y-deshabilitar-cookies-sitios-web-rastrear-preferencias\" style=\"\" data-hover=\"Firefox\" target=\"_blank\"  ><span data-hover=\"Firefox\">Firefox<\/span><\/a> | <a class=\"mfn-link mfn-link-1 \" href=\"https:\/\/support.apple.com\/kb\/ph21411?locale=es_ES\" style=\"\" data-hover=\"Safari\" target=\"_blank\"  ><span data-hover=\"Safari\">Safari<\/span><\/a> |\u00a0<a class=\"mfn-link mfn-link-1 \" href=\"https:\/\/support.microsoft.com\/es-es\/help\/17442\/windows-internet-explorer-delete-manage-cookies\" style=\"\" data-hover=\"Internet Explorer\" target=\"_blank\"  ><span data-hover=\"Internet Explorer\">Internet Explorer<\/span><\/a><\/p>\n<h5 class=\"titulo_priv\">Informaci\u00f3n de Contacto<\/h5>\n<p><strong>Talent Manager Lda.<\/strong><br \/>\n&#116;&#x72;a&#x69;n&#105;&#x6e;&#103;&#x40;t&#97;&#x6c;&#101;&#x6e;t&#x6d;&#x61;&#110;&#x61;g&#x65;r&#46;&#x70;&#116;[\/vc_column_text][\/vc_column][\/vc_row]<\/p>\n<\/div>","protected":false},"excerpt":{"rendered":"<p>[vc_row css=\u00bb.vc_custom_1534338899386{margin-top: 2% !important;margin-bottom: 5% !important;}\u00bb][vc_column css=\u00bb.vc_custom_1534509272145{margin-top: 2% !important;}\u00bb offset=\u00bbvc_col-lg-offset-2 vc_col-lg-8 vc_col-md-offset-2 vc_col-md-8 vc_col-xs-12&#8243;][vc_column_text] TALENT MANAGER LDA. Empresa de Consultor\u00eda y Formaci\u00f3n en innovadoras metodolog\u00edas, focalizada<span class=\"excerpt-hellip\"> [\u2026]<\/span><\/p>\n","protected":false},"author":1,"featured_media":0,"parent":0,"menu_order":16,"comment_status":"closed","ping_status":"closed","template":"","meta":{"footnotes":""},"class_list":["post-5868","page","type-page","status-publish","hentry"],"yoast_head":"<!-- This site is optimized with the Yoast SEO plugin v27.1.1 - https:\/\/yoast.com\/product\/yoast-seo-wordpress\/ -->\n<title>Pol\u00edtica de Privacidad | Cookies &#8226; Talent Manager | Systemic Management<\/title>\n<meta name=\"description\" content=\"Aqu\u00ed puede encontrar nuestra Pol\u00edtica de Privacidad y nuestra Pol\u00edtica de Cookies. Cualquier duda que tenga no dude en contactarnos.\" \/>\n<meta name=\"robots\" content=\"index, follow, max-snippet:-1, max-image-preview:large, max-video-preview:-1\" \/>\n<link rel=\"canonical\" href=\"https:\/\/www.talentmanager.pt\/es\/privacidad-cookies\/\" \/>\n<meta property=\"og:locale\" content=\"es_ES\" \/>\n<meta property=\"og:type\" content=\"article\" \/>\n<meta property=\"og:title\" content=\"Pol\u00edtica de Privacidad | Cookies &#8226; Talent Manager | Systemic Management\" \/>\n<meta property=\"og:description\" content=\"Aqu\u00ed puede encontrar nuestra Pol\u00edtica de Privacidad y nuestra Pol\u00edtica de Cookies. Cualquier duda que tenga no dude en contactarnos.\" \/>\n<meta property=\"og:url\" content=\"https:\/\/www.talentmanager.pt\/es\/privacidad-cookies\/\" \/>\n<meta property=\"og:site_name\" content=\"Talent Manager | Systemic Management\" \/>\n<meta property=\"article:publisher\" content=\"https:\/\/www.facebook.com\/ceciliomanagement\" \/>\n<meta property=\"article:modified_time\" content=\"2019-03-22T15:31:50+00:00\" \/>\n<meta name=\"twitter:card\" content=\"summary_large_image\" \/>\n<meta name=\"twitter:label1\" content=\"Tiempo de lectura\" \/>\n\t<meta name=\"twitter:data1\" content=\"8 minutos\" \/>\n<script type=\"application\/ld+json\" class=\"yoast-schema-graph\">{\"@context\":\"https:\/\/schema.org\",\"@graph\":[{\"@type\":\"WebPage\",\"@id\":\"https:\/\/www.talentmanager.pt\/es\/privacidad-cookies\/\",\"url\":\"https:\/\/www.talentmanager.pt\/es\/privacidad-cookies\/\",\"name\":\"Pol\u00edtica de Privacidad | Cookies &#8226; Talent Manager | Systemic Management\",\"isPartOf\":{\"@id\":\"https:\/\/www.talentmanager.pt\/en\/#website\"},\"datePublished\":\"2018-08-15T13:28:13+00:00\",\"dateModified\":\"2019-03-22T15:31:50+00:00\",\"description\":\"Aqu\u00ed puede encontrar nuestra Pol\u00edtica de Privacidad y nuestra Pol\u00edtica de Cookies. Cualquier duda que tenga no dude en contactarnos.\",\"breadcrumb\":{\"@id\":\"https:\/\/www.talentmanager.pt\/es\/privacidad-cookies\/#breadcrumb\"},\"inLanguage\":\"es\",\"potentialAction\":[{\"@type\":\"ReadAction\",\"target\":[\"https:\/\/www.talentmanager.pt\/es\/privacidad-cookies\/\"]}]},{\"@type\":\"BreadcrumbList\",\"@id\":\"https:\/\/www.talentmanager.pt\/es\/privacidad-cookies\/#breadcrumb\",\"itemListElement\":[{\"@type\":\"ListItem\",\"position\":1,\"name\":\"Home\",\"item\":\"https:\/\/www.talentmanager.pt\/es\/\"},{\"@type\":\"ListItem\",\"position\":2,\"name\":\"Pol\u00edtica de Privacidad | Cookies\"}]},{\"@type\":\"WebSite\",\"@id\":\"https:\/\/www.talentmanager.pt\/en\/#website\",\"url\":\"https:\/\/www.talentmanager.pt\/en\/\",\"name\":\"Talent Manager | Systemic Management\",\"description\":\"Systemic Management | Organizational Constellations\",\"publisher\":{\"@id\":\"https:\/\/www.talentmanager.pt\/en\/#organization\"},\"potentialAction\":[{\"@type\":\"SearchAction\",\"target\":{\"@type\":\"EntryPoint\",\"urlTemplate\":\"https:\/\/www.talentmanager.pt\/en\/?s={search_term_string}\"},\"query-input\":{\"@type\":\"PropertyValueSpecification\",\"valueRequired\":true,\"valueName\":\"search_term_string\"}}],\"inLanguage\":\"es\"},{\"@type\":\"Organization\",\"@id\":\"https:\/\/www.talentmanager.pt\/en\/#organization\",\"name\":\"Talent Manager\",\"url\":\"https:\/\/www.talentmanager.pt\/en\/\",\"logo\":{\"@type\":\"ImageObject\",\"inLanguage\":\"es\",\"@id\":\"https:\/\/www.talentmanager.pt\/en\/#\/schema\/logo\/image\/\",\"url\":\"https:\/\/www.talentmanager.pt\/wp-content\/uploads\/TalentManager@2x.png\",\"contentUrl\":\"https:\/\/www.talentmanager.pt\/wp-content\/uploads\/TalentManager@2x.png\",\"width\":320,\"height\":80,\"caption\":\"Talent Manager\"},\"image\":{\"@id\":\"https:\/\/www.talentmanager.pt\/en\/#\/schema\/logo\/image\/\"},\"sameAs\":[\"https:\/\/www.facebook.com\/ceciliomanagement\",\"https:\/\/www.linkedin.com\/in\/cecilioregojo\",\"https:\/\/www.youtube.com\/user\/managertal\"]}]}<\/script>\n<!-- \/ Yoast SEO plugin. -->","yoast_head_json":{"title":"Pol\u00edtica de Privacidad | Cookies &#8226; Talent Manager | Systemic Management","description":"Aqu\u00ed puede encontrar nuestra Pol\u00edtica de Privacidad y nuestra Pol\u00edtica de Cookies. Cualquier duda que tenga no dude en contactarnos.","robots":{"index":"index","follow":"follow","max-snippet":"max-snippet:-1","max-image-preview":"max-image-preview:large","max-video-preview":"max-video-preview:-1"},"canonical":"https:\/\/www.talentmanager.pt\/es\/privacidad-cookies\/","og_locale":"es_ES","og_type":"article","og_title":"Pol\u00edtica de Privacidad | Cookies &#8226; Talent Manager | Systemic Management","og_description":"Aqu\u00ed puede encontrar nuestra Pol\u00edtica de Privacidad y nuestra Pol\u00edtica de Cookies. Cualquier duda que tenga no dude en contactarnos.","og_url":"https:\/\/www.talentmanager.pt\/es\/privacidad-cookies\/","og_site_name":"Talent Manager | Systemic Management","article_publisher":"https:\/\/www.facebook.com\/ceciliomanagement","article_modified_time":"2019-03-22T15:31:50+00:00","twitter_card":"summary_large_image","twitter_misc":{"Tiempo de lectura":"8 minutos"},"schema":{"@context":"https:\/\/schema.org","@graph":[{"@type":"WebPage","@id":"https:\/\/www.talentmanager.pt\/es\/privacidad-cookies\/","url":"https:\/\/www.talentmanager.pt\/es\/privacidad-cookies\/","name":"Pol\u00edtica de Privacidad | Cookies &#8226; Talent Manager | Systemic Management","isPartOf":{"@id":"https:\/\/www.talentmanager.pt\/en\/#website"},"datePublished":"2018-08-15T13:28:13+00:00","dateModified":"2019-03-22T15:31:50+00:00","description":"Aqu\u00ed puede encontrar nuestra Pol\u00edtica de Privacidad y nuestra Pol\u00edtica de Cookies. Cualquier duda que tenga no dude en contactarnos.","breadcrumb":{"@id":"https:\/\/www.talentmanager.pt\/es\/privacidad-cookies\/#breadcrumb"},"inLanguage":"es","potentialAction":[{"@type":"ReadAction","target":["https:\/\/www.talentmanager.pt\/es\/privacidad-cookies\/"]}]},{"@type":"BreadcrumbList","@id":"https:\/\/www.talentmanager.pt\/es\/privacidad-cookies\/#breadcrumb","itemListElement":[{"@type":"ListItem","position":1,"name":"Home","item":"https:\/\/www.talentmanager.pt\/es\/"},{"@type":"ListItem","position":2,"name":"Pol\u00edtica de Privacidad | Cookies"}]},{"@type":"WebSite","@id":"https:\/\/www.talentmanager.pt\/en\/#website","url":"https:\/\/www.talentmanager.pt\/en\/","name":"Talent Manager | Systemic Management","description":"Systemic Management | Organizational Constellations","publisher":{"@id":"https:\/\/www.talentmanager.pt\/en\/#organization"},"potentialAction":[{"@type":"SearchAction","target":{"@type":"EntryPoint","urlTemplate":"https:\/\/www.talentmanager.pt\/en\/?s={search_term_string}"},"query-input":{"@type":"PropertyValueSpecification","valueRequired":true,"valueName":"search_term_string"}}],"inLanguage":"es"},{"@type":"Organization","@id":"https:\/\/www.talentmanager.pt\/en\/#organization","name":"Talent Manager","url":"https:\/\/www.talentmanager.pt\/en\/","logo":{"@type":"ImageObject","inLanguage":"es","@id":"https:\/\/www.talentmanager.pt\/en\/#\/schema\/logo\/image\/","url":"https:\/\/www.talentmanager.pt\/wp-content\/uploads\/TalentManager@2x.png","contentUrl":"https:\/\/www.talentmanager.pt\/wp-content\/uploads\/TalentManager@2x.png","width":320,"height":80,"caption":"Talent Manager"},"image":{"@id":"https:\/\/www.talentmanager.pt\/en\/#\/schema\/logo\/image\/"},"sameAs":["https:\/\/www.facebook.com\/ceciliomanagement","https:\/\/www.linkedin.com\/in\/cecilioregojo","https:\/\/www.youtube.com\/user\/managertal"]}]}},"_links":{"self":[{"href":"https:\/\/www.talentmanager.pt\/es\/wp-json\/wp\/v2\/pages\/5868","targetHints":{"allow":["GET"]}}],"collection":[{"href":"https:\/\/www.talentmanager.pt\/es\/wp-json\/wp\/v2\/pages"}],"about":[{"href":"https:\/\/www.talentmanager.pt\/es\/wp-json\/wp\/v2\/types\/page"}],"author":[{"embeddable":true,"href":"https:\/\/www.talentmanager.pt\/es\/wp-json\/wp\/v2\/users\/1"}],"replies":[{"embeddable":true,"href":"https:\/\/www.talentmanager.pt\/es\/wp-json\/wp\/v2\/comments?post=5868"}],"version-history":[{"count":0,"href":"https:\/\/www.talentmanager.pt\/es\/wp-json\/wp\/v2\/pages\/5868\/revisions"}],"wp:attachment":[{"href":"https:\/\/www.talentmanager.pt\/es\/wp-json\/wp\/v2\/media?parent=5868"}],"curies":[{"name":"wp","href":"https:\/\/api.w.org\/{rel}","templated":true}]}}