{"id":5979,"date":"2018-08-28T14:54:47","date_gmt":"2018-08-28T14:54:47","guid":{"rendered":"https:\/\/www.talentmanager.pt\/?page_id=5979"},"modified":"2019-01-15T09:39:52","modified_gmt":"2019-01-15T09:39:52","slug":"constelaciones-organizacionales","status":"publish","type":"page","link":"https:\/\/www.talentmanager.pt\/es\/constelaciones-organizacionales\/","title":{"rendered":"Constelaciones Organizacionales"},"content":{"rendered":"<div class=\"wpb-content-wrapper\"><p>[vc_row css=\u00bb.vc_custom_1461763675163{margin-top: 2% !important;}\u00bb][vc_column offset=\u00bbvc_col-lg-12 vc_col-md-12 vc_col-xs-12&#8243;]<div class=\"fancy_heading fancy_heading_line\"><div class=\"fh-top\"><\/div><h2 class=\"title\"><strong>CONSTELACIONES <\/strong>ORGANIZACIONALES<\/h2><\/div>\n[\/vc_column][\/vc_row][vc_row equal_height=\u00bbyes\u00bb content_placement=\u00bbtop\u00bb css=\u00bb.vc_custom_1460964675093{margin-bottom: 5% !important;}\u00bb][vc_column width=\u00bb1\/2&#8243; offset=\u00bbvc_col-lg-6 vc_col-md-6 vc_col-xs-12&#8243;][vc_column_text]Las Constelaciones Organizacionales permiten acceder a informaci\u00f3n del subconsciente de las organizaciones y ver las din\u00e1micas ocultas de la misma. Trata esencialmente de hacer el diagn\u00f3stico y analizar alternativas para un posible cambio, con vista en ayudar el cliente a descubrir las mejores estrategias para implementar las soluciones encontradas.[\/vc_column_text][\/vc_column][vc_column width=\u00bb1\/2&#8243; offset=\u00bbvc_col-lg-6 vc_col-md-6 vc_col-xs-12&#8243;][vc_column_text]Esta metodolog\u00eda tiene como principal recurso la capacidad del ser humano en representar comportamientos y emociones pertenecientes a sistemas de otros. Se apoya en el pensamiento sist\u00e9mico, nueva forma de an\u00e1lisis que se enfoca en el conjunto, en que es importante mirar al sistema como un todo.[\/vc_column_text][\/vc_column][vc_column offset=\u00bbvc_col-lg-12 vc_col-md-12 vc_col-xs-12&#8243;][vc_single_image image=\u00bb865&#8243; img_size=\u00bbfull\u00bb alignment=\u00bbcenter\u00bb css=\u00bb.vc_custom_1537197709940{margin-bottom: 0px !important;}\u00bb][\/vc_column][\/vc_row][vc_row css=\u00bb.vc_custom_1483721279169{margin-bottom: 8% !important;}\u00bb][vc_column offset=\u00bbvc_col-lg-12 vc_col-md-12 vc_col-xs-12&#8243; el_class=\u00bbtitle_col\u00bb][vc_column_text css=\u00bb.vc_custom_1461162320095{margin-bottom: 5% !important;border-top-width: 1px !important;border-bottom-width: 1px !important;padding-top: .8% !important;padding-bottom: .5% !important;border-top-color: #e5e5e5 !important;border-top-style: solid !important;border-bottom-color: #e5e5e5 !important;border-bottom-style: solid !important;}\u00bb]<\/p>\n<h3 class=\"title_section\">PROCESO DE UNA CONSTELACI\u00d3N<\/h3>\n<p>[\/vc_column_text][\/vc_column][vc_column width=\u00bb1\/4&#8243; el_class=\u00bbprocess_col process_col_1&#8243; offset=\u00bbvc_col-lg-offset-0 vc_col-lg-3 vc_col-md-offset-0 vc_col-md-3 vc_col-sm-offset-0 vc_col-xs-offset-1 vc_col-xs-10&#8243;]<div class=\"how_it_works  no_border\"><div class=\"image_wrapper\"><div class=\"image\"><img loading=\"lazy\" decoding=\"async\" class=\"scale-with-grid\" src=\"https:\/\/www.talentmanager.pt\/wp-content\/uploads\/TalentManager_Entrevista.png\" alt=\"Entrevista \u00a9 2016 Talent Manager (www.talentmanager.pt)\" width=\"150\" height=\"150\"><\/div><span class=\"number\">1<\/span><\/div><h4 class=\"title \">ENTREVISTA<\/h4><div class=\"desc\">Cambio de informaciones entre Facilitador e Cliente, permite que se decida con que partes y con que elementos de la organizaci\u00f3n se va a trabajar.<\/div><\/div>\n[\/vc_column][vc_column width=\u00bb1\/4&#8243; offset=\u00bbvc_col-lg-offset-0 vc_col-lg-3 vc_col-md-offset-0 vc_col-md-3 vc_col-sm-offset-0 vc_col-xs-offset-1 vc_col-xs-10&#8243; el_class=\u00bbprocess_col\u00bb]<div class=\"how_it_works  no_border\"><div class=\"image_wrapper\"><div class=\"image\"><img loading=\"lazy\" decoding=\"async\" class=\"scale-with-grid\" src=\"https:\/\/www.talentmanager.pt\/wp-content\/uploads\/TalentManager_ColocacionRepresentantes.png\" alt=\"Colocaci\u00f3n de los Representantes \u00a9 2016 Talent Manager (www.talentmanager.pt)\" width=\"150\" height=\"150\"><\/div><span class=\"number\">2<\/span><\/div><h4 class=\"title \">COLOCACI\u00d3N DE LOS REPRESENTANTES<\/h4><div class=\"desc\">El cliente escoge un representante para cada elemento que va trabajar y los coloca en el espacio intuitivamente. En este momento se genera el \u201ccampo\u201d, donde se va a desarrollar la Constelaci\u00f3n y suministrar la informaci\u00f3n.<\/div><\/div>\n[\/vc_column][vc_column width=\u00bb1\/4&#8243; offset=\u00bbvc_col-lg-offset-0 vc_col-lg-3 vc_col-md-offset-0 vc_col-md-3 vc_col-sm-offset-0 vc_col-xs-offset-1 vc_col-xs-10&#8243; el_class=\u00bbprocess_col\u00bb]<div class=\"how_it_works  no_border\"><div class=\"image_wrapper\"><div class=\"image\"><img loading=\"lazy\" decoding=\"async\" class=\"scale-with-grid\" src=\"https:\/\/www.talentmanager.pt\/wp-content\/uploads\/TalentManager_ObservacionDiagnostico.png\" alt=\"Observaci\u00f3n y Diagn\u00f3stico \u00a9 2016 Talent Manager (www.talentmanager.pt)\" width=\"150\" height=\"150\"><\/div><span class=\"number\">3<\/span><\/div><h4 class=\"title \">OBSERVACI\u00d3N Y DIAGN\u00d3STICO<\/h4><div class=\"desc\">El cliente se convierte en observador y, a trav\u00e9s de los representantes y del di\u00e1logo con el Facilitador, puede ver donde est\u00e1 el problema y ver la decisi\u00f3n que debe tomar para mejorar la situaci\u00f3n actual de la empresa.<\/div><\/div>\n[\/vc_column][vc_column width=\u00bb1\/4&#8243; offset=\u00bbvc_col-lg-offset-0 vc_col-lg-3 vc_col-md-offset-0 vc_col-md-3 vc_col-sm-offset-0 vc_col-xs-offset-1 vc_col-xs-10&#8243; el_class=\u00bbprocess_col\u00bb]<div class=\"how_it_works  no_border\"><div class=\"image_wrapper\"><div class=\"image\"><img loading=\"lazy\" decoding=\"async\" class=\"scale-with-grid\" src=\"https:\/\/www.talentmanager.pt\/wp-content\/uploads\/TalentManager_Camino.png\" alt=\"Camino hacia la soluci\u00f3n \u00a9 2016 Talent Manager (www.talentmanager.pt)\" width=\"150\" height=\"150\"><\/div><span class=\"number\">4<\/span><\/div><h4 class=\"title \">CIERRE: CAMINO HACIA LA SOLUCI\u00d3N<\/h4><div class=\"desc\">Se finaliza la Constelaci\u00f3n, agradeciendo los representantes por su disponibilidad y caso sea conveniente hacer alg\u00fan comentario. Este momento debe ser corto, para que el cliente racionalice lo menos posible sobre lo que vi\u00f3, sinti\u00f3, aprendi\u00f3 e interioriz\u00f3.<\/div><\/div>\n[\/vc_column][\/vc_row][vc_row css=\u00bb.vc_custom_1460964697432{margin-bottom: 6% !important;}\u00bb][vc_column offset=\u00bbvc_col-lg-12 vc_col-md-12 vc_col-xs-12&#8243; el_class=\u00bbtitle_col\u00bb][vc_column_text css=\u00bb.vc_custom_1482483278017{margin-bottom: 4% !important;border-top-width: 1px !important;border-bottom-width: 1px !important;padding-top: .8% !important;padding-bottom: 0.5% !important;border-top-color: #e5e5e5 !important;border-top-style: solid !important;border-bottom-color: #e5e5e5 !important;border-bottom-style: solid !important;}\u00bb]<\/p>\n<h3 class=\"title_section caract\">CARACTER\u00cdSTICAS Y SINGULARIDADES<\/h3>\n<p>[\/vc_column_text][\/vc_column][vc_column width=\u00bb1\/2&#8243; offset=\u00bbvc_col-lg-6 vc_col-md-6 vc_col-xs-12&#8243;][vc_column_text]<\/p>\n<h5 class=\"subtitle_section\" style=\"color: #e9184c;\">EFICACIA EN LA SIMPLICIDAD<\/h5>\n<p>Con esta metodolog\u00eda se trabaja de una manera extremadamente sencilla y sint\u00e9tica, con pocos elementos, pero con toda la informaci\u00f3n que el cliente posee, sea de una forma racional, cognitiva, intuitiva o emocional.<\/p>\n<p>Lo verdaderamente interesante es que el Cliente se queda con una imagen clara de su situaci\u00f3n real, de la posible soluci\u00f3n o del camino que debe recorrer cara a encontrar la soluci\u00f3n. Todo se hace de una forma intuitiva y fluida, lo que hace que la soluci\u00f3n sea totalmente integrada por el Cliente y de m\u00e1s f\u00e1cil aplicaci\u00f3n.[\/vc_column_text][\/vc_column][vc_column width=\u00bb1\/2&#8243; offset=\u00bbvc_col-lg-6 vc_col-md-6 vc_col-xs-12&#8243;][vc_column_text]<\/p>\n<h5 class=\"subtitle_section\" style=\"color: #e9184c;\">CONFIDENCIALIDAD Y PRIVACIDAD<\/h5>\n<p>Trabajar en un entorno empresarial pide que algunas de las cuestiones sean tratadas con la mayor confidencialidad posible, evitando la divulgaci\u00f3n de algunos detalles inherentes a la organizaci\u00f3n.<\/p>\n<p>Esta confidencialidad es garantizada en la utilizaci\u00f3n de esta metodolog\u00eda, ya que es posible trabajar con muy pocos detalles\u00a0y sin ninguna informaci\u00f3n, en el caso que se trabaje con otras personas. Otra opci\u00f3n, ser\u00e1 optar por un trabajo individual o el coaching sist\u00e9mico.[\/vc_column_text][\/vc_column][\/vc_row][vc_row css=\u00bb.vc_custom_1460965634668{margin-bottom: 8% !important;}\u00bb][vc_column offset=\u00bbvc_col-lg-12 vc_col-md-12 vc_col-xs-12&#8243; el_class=\u00bbtitle_col\u00bb][vc_column_text css=\u00bb.vc_custom_1460964726094{margin-bottom: 4% !important;border-top-width: 1px !important;border-bottom-width: 1px !important;padding-top: 0.5% !important;padding-bottom: 0.5% !important;border-top-color: #e2e2e2 !important;border-top-style: solid !important;border-bottom-color: #e2e2e2 !important;border-bottom-style: solid !important;}\u00bb]<\/p>\n<h3 class=\"title_section\">APLICACIONES<\/h3>\n<p>[\/vc_column_text][\/vc_column][vc_column width=\u00bb1\/3&#8243; offset=\u00bbvc_col-lg-4 vc_col-md-4 vc_col-xs-12&#8243;][vc_column_text el_class=\u00bbquote\u00bb]<\/p>\n<h5 style=\"color: #e9184c;\">LA <strong>VERSATILIDAD<\/strong> DE ESTA METODOLOG\u00cdA ES <strong>ENORME<\/strong>.<br \/>\nSE APLICA A TODOS LOS SISTEMAS EN QUE EL HOMBRE ES UN ELEMENTO FUNDAMENTAL.<\/h5>\n<p>[\/vc_column_text][\/vc_column][vc_column width=\u00bb7\/12&#8243; offset=\u00bbvc_col-lg-offset-0 vc_col-lg-4 vc_col-md-offset-0 vc_col-md-4 vc_col-sm-offset-1 vc_col-xs-12&#8243; el_class=\u00bblist_col_1&#8243; css=\u00bb.vc_custom_1536152132834{margin-top: 3% !important;}\u00bb][vc_column_text]<\/p>\n<h5 class=\"subtitle_section\">EMPRESAS U ORGANIZACIONES<\/h5>\n<ul>\n<li>Definici\u00f3n de estrategia<\/li>\n<li>Coherencia en una empresa<\/li>\n<li>Preparaci\u00f3n de diagn\u00f3stico<\/li>\n<li>Estudio de marcas y productos<\/li>\n<li>Diagn\u00f3stico de funcionamiento<\/li>\n<li>Gestionar conflictos<\/li>\n<li>Departamentos: Efectos sist\u00e9micos<\/li>\n<\/ul>\n<p>[\/vc_column_text][\/vc_column][vc_column width=\u00bb7\/12&#8243; offset=\u00bbvc_col-lg-offset-0 vc_col-lg-4 vc_col-md-offset-0 vc_col-md-4 vc_col-sm-offset-1 vc_col-xs-12&#8243; el_class=\u00bblist_col\u00bb css=\u00bb.vc_custom_1536152139517{margin-top: 3% !important;}\u00bb][vc_column_text]<\/p>\n<h5 class=\"subtitle_section\" style=\"text-align: left;\">INDIVIDUAL<\/h5>\n<ul>\n<li style=\"text-align: left;\">Decisiones<\/li>\n<li style=\"text-align: left;\">Clarificar posici\u00f3n en la empresa<\/li>\n<li style=\"text-align: left;\">Supervisi\u00f3n<\/li>\n<li style=\"text-align: left;\">Clarificar objetivos<\/li>\n<li style=\"text-align: left;\">Encontrar equilibrio\u00a0entre vida profesional y personal<\/li>\n<\/ul>\n<p>[\/vc_column_text][\/vc_column][\/vc_row][vc_row css=\u00bb.vc_custom_1460965603199{margin-bottom: 10% !important;}\u00bb][vc_column offset=\u00bbvc_col-lg-12 vc_col-md-12 vc_col-xs-12&#8243;][vc_column_text css=\u00bb.vc_custom_1536316758090{margin-bottom: 1% !important;}\u00bb]<\/p>\n<h3 class=\"call\" style=\"text-align: center;\">\u00bfQUIERES CONOCER M\u00c1S SOBRE LAS CONSTELACIONES ORGANIZACIONALES?<\/h3>\n<p>[\/vc_column_text][vc_text_separator title=\u00bbACCEDE AL TEXTO ESCRITO POR NUESTRO DIRECTOR GENERAL\u00bb color=\u00bbcustom\u00bb el_width=\u00bb90&#8243; css=\u00bb.vc_custom_1536316839298{margin-bottom: 2% !important;}\u00bb accent_color=\u00bb#eaeaea\u00bb el_class=\u00bbcall_subtitle\u00bb][vc_btn title=\u00bb\u00bb style=\u00bboutline-custom\u00bb outline_custom_color=\u00bb#bdbdbd\u00bb outline_custom_hover_background=\u00bb\u00bb outline_custom_hover_text=\u00bb#0a2f59&#8243; size=\u00bblg\u00bb align=\u00bbcenter\u00bb i_icon_fontawesome=\u00bbfa fa-download\u00bb add_icon=\u00bbtrue\u00bb link=\u00bburl:http%3A%2F%2Fwww.talentmanager.pt%2Fwp-content%2Fuploads%2FSystemicManagementSP-CecilioFernandezRegojo.pdf||target:%20_blank|\u00bb el_class=\u00bbcall_button\u00bb][\/vc_column][\/vc_row]<\/p>\n<\/div>","protected":false},"excerpt":{"rendered":"<p>[vc_row css=\u00bb.vc_custom_1461763675163{margin-top: 2% !important;}\u00bb][vc_column offset=\u00bbvc_col-lg-12 vc_col-md-12 vc_col-xs-12&#8243;][\/vc_column][\/vc_row][vc_row equal_height=\u00bbyes\u00bb content_placement=\u00bbtop\u00bb css=\u00bb.vc_custom_1460964675093{margin-bottom: 5% !important;}\u00bb][vc_column width=\u00bb1\/2&#8243; offset=\u00bbvc_col-lg-6 vc_col-md-6 vc_col-xs-12&#8243;][vc_column_text]Las Constelaciones Organizacionales permiten acceder a informaci\u00f3n del subconsciente de las<span class=\"excerpt-hellip\"> [\u2026]<\/span><\/p>\n","protected":false},"author":1,"featured_media":0,"parent":0,"menu_order":9,"comment_status":"closed","ping_status":"closed","template":"","meta":{"footnotes":""},"class_list":["post-5979","page","type-page","status-publish","hentry"],"yoast_head":"<!-- This site is optimized with the Yoast SEO plugin v27.1.1 - https:\/\/yoast.com\/product\/yoast-seo-wordpress\/ -->\n<title>Constelaciones Organizacionales &#8226; Talent Manager | Systemic Management<\/title>\n<meta name=\"description\" content=\"Constelaciones Organizacionales: Metodolog\u00eda innovadora focalizada en el Cliente, con el fin de ayudarle a descubrir estrategias e implementar soluciones.\" \/>\n<meta name=\"robots\" content=\"index, follow, max-snippet:-1, max-image-preview:large, max-video-preview:-1\" \/>\n<link rel=\"canonical\" href=\"https:\/\/www.talentmanager.pt\/es\/constelaciones-organizacionales\/\" \/>\n<meta property=\"og:locale\" content=\"es_ES\" \/>\n<meta property=\"og:type\" content=\"article\" \/>\n<meta property=\"og:title\" content=\"Constelaciones Organizacionales &#8226; Talent Manager | Systemic Management\" \/>\n<meta property=\"og:description\" content=\"Constelaciones Organizacionales: Metodolog\u00eda innovadora focalizada en el Cliente, con el fin de ayudarle a descubrir estrategias e implementar soluciones.\" \/>\n<meta property=\"og:url\" content=\"https:\/\/www.talentmanager.pt\/es\/constelaciones-organizacionales\/\" \/>\n<meta property=\"og:site_name\" content=\"Talent Manager | Systemic Management\" \/>\n<meta property=\"article:publisher\" content=\"https:\/\/www.facebook.com\/ceciliomanagement\" \/>\n<meta property=\"article:modified_time\" content=\"2019-01-15T09:39:52+00:00\" \/>\n<meta name=\"twitter:card\" content=\"summary_large_image\" \/>\n<meta name=\"twitter:label1\" content=\"Tiempo de lectura\" \/>\n\t<meta name=\"twitter:data1\" content=\"6 minutos\" \/>\n<script type=\"application\/ld+json\" class=\"yoast-schema-graph\">{\"@context\":\"https:\/\/schema.org\",\"@graph\":[{\"@type\":\"WebPage\",\"@id\":\"https:\/\/www.talentmanager.pt\/es\/constelaciones-organizacionales\/\",\"url\":\"https:\/\/www.talentmanager.pt\/es\/constelaciones-organizacionales\/\",\"name\":\"Constelaciones Organizacionales &#8226; Talent Manager | Systemic Management\",\"isPartOf\":{\"@id\":\"https:\/\/www.talentmanager.pt\/en\/#website\"},\"datePublished\":\"2018-08-28T14:54:47+00:00\",\"dateModified\":\"2019-01-15T09:39:52+00:00\",\"description\":\"Constelaciones Organizacionales: Metodolog\u00eda innovadora focalizada en el Cliente, con el fin de ayudarle a descubrir estrategias e implementar soluciones.\",\"breadcrumb\":{\"@id\":\"https:\/\/www.talentmanager.pt\/es\/constelaciones-organizacionales\/#breadcrumb\"},\"inLanguage\":\"es\",\"potentialAction\":[{\"@type\":\"ReadAction\",\"target\":[\"https:\/\/www.talentmanager.pt\/es\/constelaciones-organizacionales\/\"]}]},{\"@type\":\"BreadcrumbList\",\"@id\":\"https:\/\/www.talentmanager.pt\/es\/constelaciones-organizacionales\/#breadcrumb\",\"itemListElement\":[{\"@type\":\"ListItem\",\"position\":1,\"name\":\"Home\",\"item\":\"https:\/\/www.talentmanager.pt\/es\/\"},{\"@type\":\"ListItem\",\"position\":2,\"name\":\"Constelaciones Organizacionales\"}]},{\"@type\":\"WebSite\",\"@id\":\"https:\/\/www.talentmanager.pt\/en\/#website\",\"url\":\"https:\/\/www.talentmanager.pt\/en\/\",\"name\":\"Talent Manager | Systemic Management\",\"description\":\"Systemic Management | Organizational Constellations\",\"publisher\":{\"@id\":\"https:\/\/www.talentmanager.pt\/en\/#organization\"},\"potentialAction\":[{\"@type\":\"SearchAction\",\"target\":{\"@type\":\"EntryPoint\",\"urlTemplate\":\"https:\/\/www.talentmanager.pt\/en\/?s={search_term_string}\"},\"query-input\":{\"@type\":\"PropertyValueSpecification\",\"valueRequired\":true,\"valueName\":\"search_term_string\"}}],\"inLanguage\":\"es\"},{\"@type\":\"Organization\",\"@id\":\"https:\/\/www.talentmanager.pt\/en\/#organization\",\"name\":\"Talent Manager\",\"url\":\"https:\/\/www.talentmanager.pt\/en\/\",\"logo\":{\"@type\":\"ImageObject\",\"inLanguage\":\"es\",\"@id\":\"https:\/\/www.talentmanager.pt\/en\/#\/schema\/logo\/image\/\",\"url\":\"https:\/\/www.talentmanager.pt\/wp-content\/uploads\/TalentManager@2x.png\",\"contentUrl\":\"https:\/\/www.talentmanager.pt\/wp-content\/uploads\/TalentManager@2x.png\",\"width\":320,\"height\":80,\"caption\":\"Talent Manager\"},\"image\":{\"@id\":\"https:\/\/www.talentmanager.pt\/en\/#\/schema\/logo\/image\/\"},\"sameAs\":[\"https:\/\/www.facebook.com\/ceciliomanagement\",\"https:\/\/www.linkedin.com\/in\/cecilioregojo\",\"https:\/\/www.youtube.com\/user\/managertal\"]}]}<\/script>\n<!-- \/ Yoast SEO plugin. -->","yoast_head_json":{"title":"Constelaciones Organizacionales &#8226; Talent Manager | Systemic Management","description":"Constelaciones Organizacionales: Metodolog\u00eda innovadora focalizada en el Cliente, con el fin de ayudarle a descubrir estrategias e implementar soluciones.","robots":{"index":"index","follow":"follow","max-snippet":"max-snippet:-1","max-image-preview":"max-image-preview:large","max-video-preview":"max-video-preview:-1"},"canonical":"https:\/\/www.talentmanager.pt\/es\/constelaciones-organizacionales\/","og_locale":"es_ES","og_type":"article","og_title":"Constelaciones Organizacionales &#8226; Talent Manager | Systemic Management","og_description":"Constelaciones Organizacionales: Metodolog\u00eda innovadora focalizada en el Cliente, con el fin de ayudarle a descubrir estrategias e implementar soluciones.","og_url":"https:\/\/www.talentmanager.pt\/es\/constelaciones-organizacionales\/","og_site_name":"Talent Manager | Systemic Management","article_publisher":"https:\/\/www.facebook.com\/ceciliomanagement","article_modified_time":"2019-01-15T09:39:52+00:00","twitter_card":"summary_large_image","twitter_misc":{"Tiempo de lectura":"6 minutos"},"schema":{"@context":"https:\/\/schema.org","@graph":[{"@type":"WebPage","@id":"https:\/\/www.talentmanager.pt\/es\/constelaciones-organizacionales\/","url":"https:\/\/www.talentmanager.pt\/es\/constelaciones-organizacionales\/","name":"Constelaciones Organizacionales &#8226; Talent Manager | Systemic Management","isPartOf":{"@id":"https:\/\/www.talentmanager.pt\/en\/#website"},"datePublished":"2018-08-28T14:54:47+00:00","dateModified":"2019-01-15T09:39:52+00:00","description":"Constelaciones Organizacionales: Metodolog\u00eda innovadora focalizada en el Cliente, con el fin de ayudarle a descubrir estrategias e implementar soluciones.","breadcrumb":{"@id":"https:\/\/www.talentmanager.pt\/es\/constelaciones-organizacionales\/#breadcrumb"},"inLanguage":"es","potentialAction":[{"@type":"ReadAction","target":["https:\/\/www.talentmanager.pt\/es\/constelaciones-organizacionales\/"]}]},{"@type":"BreadcrumbList","@id":"https:\/\/www.talentmanager.pt\/es\/constelaciones-organizacionales\/#breadcrumb","itemListElement":[{"@type":"ListItem","position":1,"name":"Home","item":"https:\/\/www.talentmanager.pt\/es\/"},{"@type":"ListItem","position":2,"name":"Constelaciones Organizacionales"}]},{"@type":"WebSite","@id":"https:\/\/www.talentmanager.pt\/en\/#website","url":"https:\/\/www.talentmanager.pt\/en\/","name":"Talent Manager | Systemic Management","description":"Systemic Management | Organizational Constellations","publisher":{"@id":"https:\/\/www.talentmanager.pt\/en\/#organization"},"potentialAction":[{"@type":"SearchAction","target":{"@type":"EntryPoint","urlTemplate":"https:\/\/www.talentmanager.pt\/en\/?s={search_term_string}"},"query-input":{"@type":"PropertyValueSpecification","valueRequired":true,"valueName":"search_term_string"}}],"inLanguage":"es"},{"@type":"Organization","@id":"https:\/\/www.talentmanager.pt\/en\/#organization","name":"Talent Manager","url":"https:\/\/www.talentmanager.pt\/en\/","logo":{"@type":"ImageObject","inLanguage":"es","@id":"https:\/\/www.talentmanager.pt\/en\/#\/schema\/logo\/image\/","url":"https:\/\/www.talentmanager.pt\/wp-content\/uploads\/TalentManager@2x.png","contentUrl":"https:\/\/www.talentmanager.pt\/wp-content\/uploads\/TalentManager@2x.png","width":320,"height":80,"caption":"Talent Manager"},"image":{"@id":"https:\/\/www.talentmanager.pt\/en\/#\/schema\/logo\/image\/"},"sameAs":["https:\/\/www.facebook.com\/ceciliomanagement","https:\/\/www.linkedin.com\/in\/cecilioregojo","https:\/\/www.youtube.com\/user\/managertal"]}]}},"_links":{"self":[{"href":"https:\/\/www.talentmanager.pt\/es\/wp-json\/wp\/v2\/pages\/5979","targetHints":{"allow":["GET"]}}],"collection":[{"href":"https:\/\/www.talentmanager.pt\/es\/wp-json\/wp\/v2\/pages"}],"about":[{"href":"https:\/\/www.talentmanager.pt\/es\/wp-json\/wp\/v2\/types\/page"}],"author":[{"embeddable":true,"href":"https:\/\/www.talentmanager.pt\/es\/wp-json\/wp\/v2\/users\/1"}],"replies":[{"embeddable":true,"href":"https:\/\/www.talentmanager.pt\/es\/wp-json\/wp\/v2\/comments?post=5979"}],"version-history":[{"count":0,"href":"https:\/\/www.talentmanager.pt\/es\/wp-json\/wp\/v2\/pages\/5979\/revisions"}],"wp:attachment":[{"href":"https:\/\/www.talentmanager.pt\/es\/wp-json\/wp\/v2\/media?parent=5979"}],"curies":[{"name":"wp","href":"https:\/\/api.w.org\/{rel}","templated":true}]}}