{"id":6061,"date":"2018-08-29T08:51:21","date_gmt":"2018-08-29T08:51:21","guid":{"rendered":"https:\/\/www.talentmanager.pt\/?page_id=6061"},"modified":"2022-08-10T07:27:03","modified_gmt":"2022-08-10T07:27:03","slug":"historia","status":"publish","type":"page","link":"https:\/\/www.talentmanager.pt\/es\/historia\/","title":{"rendered":"Historia"},"content":{"rendered":"","protected":false},"excerpt":{"rendered":"","protected":false},"author":1,"featured_media":0,"parent":0,"menu_order":3,"comment_status":"closed","ping_status":"closed","template":"","meta":{"footnotes":""},"class_list":["post-6061","page","type-page","status-publish","hentry"],"yoast_head":"<!-- This site is optimized with the Yoast SEO plugin v27.1.1 - https:\/\/yoast.com\/product\/yoast-seo-wordpress\/ -->\n<title>Nuestra Historia, nuestros pasos &#8226; Talent Manager | Systemic Management<\/title>\n<meta name=\"description\" content=\"Pasos que dimos a lo largo de m\u00e1s 14 a\u00f1os de experiencia, en m\u00e1s de 55 ciudades en todo el mundo. Historia creada con personas, compartiendo conocimiento.\" \/>\n<meta name=\"robots\" content=\"index, follow, max-snippet:-1, max-image-preview:large, max-video-preview:-1\" \/>\n<link rel=\"canonical\" href=\"https:\/\/www.talentmanager.pt\/es\/historia\/\" \/>\n<meta property=\"og:locale\" content=\"es_ES\" \/>\n<meta property=\"og:type\" content=\"article\" \/>\n<meta property=\"og:title\" content=\"Nuestra Historia, nuestros pasos &#8226; Talent Manager | Systemic Management\" \/>\n<meta property=\"og:description\" content=\"Pasos que dimos a lo largo de m\u00e1s 14 a\u00f1os de experiencia, en m\u00e1s de 55 ciudades en todo el mundo. Historia creada con personas, compartiendo conocimiento.\" \/>\n<meta property=\"og:url\" content=\"https:\/\/www.talentmanager.pt\/es\/historia\/\" \/>\n<meta property=\"og:site_name\" content=\"Talent Manager | Systemic Management\" \/>\n<meta property=\"article:publisher\" content=\"https:\/\/www.facebook.com\/ceciliomanagement\" \/>\n<meta property=\"article:modified_time\" content=\"2022-08-10T07:27:03+00:00\" \/>\n<meta name=\"twitter:card\" content=\"summary_large_image\" \/>\n<script type=\"application\/ld+json\" class=\"yoast-schema-graph\">{\"@context\":\"https:\/\/schema.org\",\"@graph\":[{\"@type\":\"WebPage\",\"@id\":\"https:\/\/www.talentmanager.pt\/es\/historia\/\",\"url\":\"https:\/\/www.talentmanager.pt\/es\/historia\/\",\"name\":\"Nuestra Historia, nuestros pasos &#8226; Talent Manager | Systemic Management\",\"isPartOf\":{\"@id\":\"https:\/\/www.talentmanager.pt\/en\/#website\"},\"datePublished\":\"2018-08-29T08:51:21+00:00\",\"dateModified\":\"2022-08-10T07:27:03+00:00\",\"description\":\"Pasos que dimos a lo largo de m\u00e1s 14 a\u00f1os de experiencia, en m\u00e1s de 55 ciudades en todo el mundo. Historia creada con personas, compartiendo conocimiento.\",\"breadcrumb\":{\"@id\":\"https:\/\/www.talentmanager.pt\/es\/historia\/#breadcrumb\"},\"inLanguage\":\"es\",\"potentialAction\":[{\"@type\":\"ReadAction\",\"target\":[\"https:\/\/www.talentmanager.pt\/es\/historia\/\"]}]},{\"@type\":\"BreadcrumbList\",\"@id\":\"https:\/\/www.talentmanager.pt\/es\/historia\/#breadcrumb\",\"itemListElement\":[{\"@type\":\"ListItem\",\"position\":1,\"name\":\"Home\",\"item\":\"https:\/\/www.talentmanager.pt\/es\/\"},{\"@type\":\"ListItem\",\"position\":2,\"name\":\"Historia\"}]},{\"@type\":\"WebSite\",\"@id\":\"https:\/\/www.talentmanager.pt\/en\/#website\",\"url\":\"https:\/\/www.talentmanager.pt\/en\/\",\"name\":\"Talent Manager | Systemic Management\",\"description\":\"Systemic Management | Organizational Constellations\",\"publisher\":{\"@id\":\"https:\/\/www.talentmanager.pt\/en\/#organization\"},\"potentialAction\":[{\"@type\":\"SearchAction\",\"target\":{\"@type\":\"EntryPoint\",\"urlTemplate\":\"https:\/\/www.talentmanager.pt\/en\/?s={search_term_string}\"},\"query-input\":{\"@type\":\"PropertyValueSpecification\",\"valueRequired\":true,\"valueName\":\"search_term_string\"}}],\"inLanguage\":\"es\"},{\"@type\":\"Organization\",\"@id\":\"https:\/\/www.talentmanager.pt\/en\/#organization\",\"name\":\"Talent Manager\",\"url\":\"https:\/\/www.talentmanager.pt\/en\/\",\"logo\":{\"@type\":\"ImageObject\",\"inLanguage\":\"es\",\"@id\":\"https:\/\/www.talentmanager.pt\/en\/#\/schema\/logo\/image\/\",\"url\":\"https:\/\/www.talentmanager.pt\/wp-content\/uploads\/TalentManager@2x.png\",\"contentUrl\":\"https:\/\/www.talentmanager.pt\/wp-content\/uploads\/TalentManager@2x.png\",\"width\":320,\"height\":80,\"caption\":\"Talent Manager\"},\"image\":{\"@id\":\"https:\/\/www.talentmanager.pt\/en\/#\/schema\/logo\/image\/\"},\"sameAs\":[\"https:\/\/www.facebook.com\/ceciliomanagement\",\"https:\/\/www.linkedin.com\/in\/cecilioregojo\",\"https:\/\/www.youtube.com\/user\/managertal\"]}]}<\/script>\n<!-- \/ Yoast SEO plugin. -->","yoast_head_json":{"title":"Nuestra Historia, nuestros pasos &#8226; Talent Manager | Systemic Management","description":"Pasos que dimos a lo largo de m\u00e1s 14 a\u00f1os de experiencia, en m\u00e1s de 55 ciudades en todo el mundo. Historia creada con personas, compartiendo conocimiento.","robots":{"index":"index","follow":"follow","max-snippet":"max-snippet:-1","max-image-preview":"max-image-preview:large","max-video-preview":"max-video-preview:-1"},"canonical":"https:\/\/www.talentmanager.pt\/es\/historia\/","og_locale":"es_ES","og_type":"article","og_title":"Nuestra Historia, nuestros pasos &#8226; Talent Manager | Systemic Management","og_description":"Pasos que dimos a lo largo de m\u00e1s 14 a\u00f1os de experiencia, en m\u00e1s de 55 ciudades en todo el mundo. Historia creada con personas, compartiendo conocimiento.","og_url":"https:\/\/www.talentmanager.pt\/es\/historia\/","og_site_name":"Talent Manager | Systemic Management","article_publisher":"https:\/\/www.facebook.com\/ceciliomanagement","article_modified_time":"2022-08-10T07:27:03+00:00","twitter_card":"summary_large_image","schema":{"@context":"https:\/\/schema.org","@graph":[{"@type":"WebPage","@id":"https:\/\/www.talentmanager.pt\/es\/historia\/","url":"https:\/\/www.talentmanager.pt\/es\/historia\/","name":"Nuestra Historia, nuestros pasos &#8226; Talent Manager | Systemic Management","isPartOf":{"@id":"https:\/\/www.talentmanager.pt\/en\/#website"},"datePublished":"2018-08-29T08:51:21+00:00","dateModified":"2022-08-10T07:27:03+00:00","description":"Pasos que dimos a lo largo de m\u00e1s 14 a\u00f1os de experiencia, en m\u00e1s de 55 ciudades en todo el mundo. Historia creada con personas, compartiendo conocimiento.","breadcrumb":{"@id":"https:\/\/www.talentmanager.pt\/es\/historia\/#breadcrumb"},"inLanguage":"es","potentialAction":[{"@type":"ReadAction","target":["https:\/\/www.talentmanager.pt\/es\/historia\/"]}]},{"@type":"BreadcrumbList","@id":"https:\/\/www.talentmanager.pt\/es\/historia\/#breadcrumb","itemListElement":[{"@type":"ListItem","position":1,"name":"Home","item":"https:\/\/www.talentmanager.pt\/es\/"},{"@type":"ListItem","position":2,"name":"Historia"}]},{"@type":"WebSite","@id":"https:\/\/www.talentmanager.pt\/en\/#website","url":"https:\/\/www.talentmanager.pt\/en\/","name":"Talent Manager | Systemic Management","description":"Systemic Management | Organizational Constellations","publisher":{"@id":"https:\/\/www.talentmanager.pt\/en\/#organization"},"potentialAction":[{"@type":"SearchAction","target":{"@type":"EntryPoint","urlTemplate":"https:\/\/www.talentmanager.pt\/en\/?s={search_term_string}"},"query-input":{"@type":"PropertyValueSpecification","valueRequired":true,"valueName":"search_term_string"}}],"inLanguage":"es"},{"@type":"Organization","@id":"https:\/\/www.talentmanager.pt\/en\/#organization","name":"Talent Manager","url":"https:\/\/www.talentmanager.pt\/en\/","logo":{"@type":"ImageObject","inLanguage":"es","@id":"https:\/\/www.talentmanager.pt\/en\/#\/schema\/logo\/image\/","url":"https:\/\/www.talentmanager.pt\/wp-content\/uploads\/TalentManager@2x.png","contentUrl":"https:\/\/www.talentmanager.pt\/wp-content\/uploads\/TalentManager@2x.png","width":320,"height":80,"caption":"Talent Manager"},"image":{"@id":"https:\/\/www.talentmanager.pt\/en\/#\/schema\/logo\/image\/"},"sameAs":["https:\/\/www.facebook.com\/ceciliomanagement","https:\/\/www.linkedin.com\/in\/cecilioregojo","https:\/\/www.youtube.com\/user\/managertal"]}]}},"_links":{"self":[{"href":"https:\/\/www.talentmanager.pt\/es\/wp-json\/wp\/v2\/pages\/6061","targetHints":{"allow":["GET"]}}],"collection":[{"href":"https:\/\/www.talentmanager.pt\/es\/wp-json\/wp\/v2\/pages"}],"about":[{"href":"https:\/\/www.talentmanager.pt\/es\/wp-json\/wp\/v2\/types\/page"}],"author":[{"embeddable":true,"href":"https:\/\/www.talentmanager.pt\/es\/wp-json\/wp\/v2\/users\/1"}],"replies":[{"embeddable":true,"href":"https:\/\/www.talentmanager.pt\/es\/wp-json\/wp\/v2\/comments?post=6061"}],"version-history":[{"count":0,"href":"https:\/\/www.talentmanager.pt\/es\/wp-json\/wp\/v2\/pages\/6061\/revisions"}],"wp:attachment":[{"href":"https:\/\/www.talentmanager.pt\/es\/wp-json\/wp\/v2\/media?parent=6061"}],"curies":[{"name":"wp","href":"https:\/\/api.w.org\/{rel}","templated":true}]}}